{"id":6407,"date":"2024-05-07T09:45:56","date_gmt":"2024-05-07T07:45:56","guid":{"rendered":"https:\/\/skrivovin.se\/?page_id=6407"},"modified":"2025-04-02T17:35:29","modified_gmt":"2025-04-02T15:35:29","slug":"dagsverser-2024","status":"publish","type":"page","link":"https:\/\/skrivovin.se\/index.php\/dagsverser-2024\/","title":{"rendered":"Dagsverser 2024"},"content":{"rendered":"\n<p><\/p>\n\n\n\n<p><strong>2024-09<\/strong><br>Du vet snillet i det stora landet<br>Som alltid vet b\u00e4st och alltid kan det<br>F\u00f6rbannas \u00f6ver kontrollen att flyktingar \u00e4ter katter<br>Han vill ju bara allas b\u00e4sta, som att s\u00e4nka n\u00e5gra skatter<\/p>\n\n\n\n<p>H\u00e4r hemma spelade Billstr\u00f6m, polarna ett spratt<br>Med sin fr\u00e5nvaro, han stal showen n\u00e4r n\u00e5gon meddelade att<br>H\u00e4r har vi brist p\u00e5 poliser, sk\u00f6terskor och kilowatt<br>Men vi betalar f\u00f6r att de \u00e5ker, och s\u00e4nker en skatt<\/p>\n\n\n\n<p>Men denna vecka g\u00f6rs sj\u00e4lvm\u00e5l i parti och minut<br>N\u00e4r lottf\u00f6rs\u00e4ljarnas \u00e4gare p\u00e5 sig sj\u00e4lv sl\u00e5 knut<br>Att f\u00f6rklara att n\u00e5gon hotas f\u00f6r partiets sn\u00f6da vinst<br>\u00c4r k\u00e4nsligt och jobbigt tycker hon allra minst<\/p>\n\n\n\n<p>Och v\u00e5r stola bankek s\u00e5 fl\u00e4ckad nu \u00e4r<br>N\u00e4r man bara vill tj\u00e4na pengar och \u00f6ver UG sv\u00e4r<br>Man tv\u00e4ttat och tv\u00e4ttat men ryktet f\u00f6rblir<br>Det \u00e4r inte l\u00e4tt att vara bankir<br>Nu finns tid f\u00f6r eftertanke och inget skvaller<br>N\u00e4r chefen en tid f\u00e5r skaka galler<\/p>\n\n\n\n<p>Sj\u00e4lv har jag fastnat i v\u00e5rt gamla land<br>Som n\u00e4r tingsfriden br\u00f6ts, f\u00f6rlorade n\u00e5gon en hand<br>jag \u00f6nskar dig en fridfull helg, och en tillvaro sk\u00f6n<br>var tankar n\u00e4r jag denna fredag vandrade l\u00e4ngs sj\u00f6n.<\/p>\n\n\n\n<p><br><strong>2024-08<\/strong><br>Livet som funderare hamnar ibland p\u00e5 sned<br>R\u00e4ntan som gick upp, g\u00e5r just nu ned<br>N\u00e4r reduktionsplikten gick ner gick utsl\u00e4ppen upp<br>Botas nu av \u00f6kad plikt, f\u00f6rklarar Ebba stolt som en tupp<\/p>\n\n\n\n<p>\u201dMen ingen ska m\u00e4rka v\u00e5rt m\u00e4rkliga drag\u201d<br>Vi s\u00e4nker en skatt och l\u00e5ter lite avm\u00e4tt vag<br>Sd l\u00e5ter dem h\u00e5llas och ler i mjugg<br>\u201dL\u00e5t dem snurra p\u00e5, i sin tr\u00f6stl\u00f6sa bugg\u201d<\/p>\n\n\n\n<p>Magda snurrar ocks\u00e5, om \u00e4n i n\u00e5gon slags baktakt<br>Inspirerades av Harris som p\u00e5 m\u00f6tet l\u00e4r ha sagt<br>Sudda, sudda, sudda bort din trista, ledsna min<br>Munnen den blir b\u00e4ttre om du bjuder p\u00e5 ett flin<br>D\u00e5 g\u00e5r opinionsiffrorna upp och n\u00e5gon annans ned<br>Du kan bara vara din egen lyckas smed<br><br>Som du s\u00e4kert vet, du v\u00e4n i vinden<br>F\u00e5r du inget med dig, n\u00e4r du st\u00e5r vid grinden<br>Varf\u00f6r f\u00e4kta och sl\u00e5ss in absurdum<br>Och kalla sin medvandrare f\u00f6r urdum<br>L\u00e5t h\u00f6sten bli som en sk\u00f6rdetid som b\u00e4r<br>Sk\u00e4nk en frukt, en tanke, till den som i behov av den \u00e4r<\/p>\n\n\n\n<p><\/p>\n\n\n\n<p><strong>2024-06<\/strong><br>T\u00e4nk, alla dessa val<br>Vad har en gammal gubbe f\u00f6r val<br>Klein i huvve och tr\u00f6tt i bena<br>F\u00f6rs\u00f6ker i verkligheten gena<\/p>\n\n\n\n<p>Ville starta en trollfabrik<br>K\u00e4nde att det fattades dramatik<br>Satirkunskapen blev ett hinder<br>Trollen fick alla f\u00f6rhinder<\/p>\n\n\n\n<p>Men du som \u00e4r sk\u00e4rpt under din luva<br>L\u00e5t inte trollen p\u00e5 sanningen skruva<br>L\u00e4gg din r\u00f6st och var trygg<br>Behandla trollen som sommarens mygg.<\/p>\n\n\n\n<p><\/p>\n\n\n\n<p><strong>2024-05<\/strong><br>Nu spelar verkligheten upp en helt ny roll<br>Nu skickar tomtarna ut sina m\u00f6rkaste troll<br>Att h\u00e4rska och s\u00f6ndra \u00e4r trollens paroll<br>Och ler i sitt sk\u00e4gg n\u00e4r det skapar nytt groll<\/p>\n\n\n\n<p>Och trollfar blir arg, han har ju alltid sagt<br>Att media f\u00e5tt alldeles f\u00f6r stor makt<br>Knyter n\u00e4ven och pekar finger<br>N\u00e4r n\u00e5gon fr\u00e5n SVT ringer<\/p>\n\n\n\n<p>M\u00e5h\u00e4nda blev verkligheten sv\u00e5r att styra<br>Fingret skulle riktas till teve fyra<br>Vill ju f\u00e5 bort fr\u00e5n detta obskyra<br>\u201dDet \u00e4r vi som \u00e4r utsatta\u201d, kan jag bedyra<\/p>\n\n\n\n<p><br><strong>2024-05<\/strong><br>Verkligheten k\u00f6r p\u00e5, som den jobbar p\u00e5 ackord<br>Skyttedal hakar p\u00e5, sl\u00e5r politiskt osmaklighetsrekord<br>Journalister bussas till myr och torv<br>D\u00e4r de f\u00e5r sk\u00e5da en k\u00e4rra med korv<\/p>\n\n\n\n<p>Polismyndigheten har blivit samh\u00e4llets s\u00e5ll<br>L\u00e4ckaget verkar helt utan kontroll<br>Vem sl\u00e5r till mot vem, nu g\u00e4ngen f\u00e5r veta<br>Medan \u00b4aina\u00b4 koncentrerar sig p\u00e5 terroristen Greta<\/p>\n\n\n\n<p>Sj\u00e4lv sitter jag tryggt i sol och i sn\u00f6<br>Klagar inte p\u00e5 min nuvarande milj\u00f6<br>B\u00e4cken porlar, jag h\u00f6r f\u00e5gels\u00e5ng<br>L\u00e5ngt fr\u00e5n Eurovisionsstaket och batong<br><br><strong>2024-01<\/strong><br>S\u00e5 \u00e4r den stora cirkusen ig\u00e5ng, den i v\u00e4st<br>Huvudperson \u00e4r han, som alltid vet b\u00e4st<br>Styra landet det g\u00f6r han, helst utan protest<br>Ser inga problem ens om han sitter i arrest.<br><br>Hos v\u00e5ra folkvalda hittas pulver s\u00e5 vitt<br>Men ingen vet vem som detta spritt<br>Kanske \u00e4r pulvret svaret p\u00e5 fr\u00e5gan<br>Hur man orkar prata \u00f6ver den egna f\u00f6rm\u00e5gan<\/p>\n\n\n\n<p>Att stifta lagar om att ej g\u00f6da g\u00e4ngen<br>G\u00e4ller ej en folkvald, som vill vara i sv\u00e4ngen<br>\u201dN\u00e4r f\u00f6rslaget jag skrev inte d\u00f6g,<br>s\u00e5 g\u00f6r det inget, jag blir p\u00e5 jobbet \u00e4nd\u00e5 h\u00f6g.\u201d<\/p>\n\n\n\n<p>Lyssna bara p\u00e5 vad som s\u00e4gs ska bli r\u00e4tt<br>S\u00e5 f\u00e5r vi n\u00e4sta \u00e5r, veta vad det var som gick snett<br>Som fredagsfunderare vet jag redan hur det g\u00e5r<br>Det kommer jag att ber\u00e4tta f\u00f6r er, n\u00e4sta \u00e5r.<\/p>\n\n\n\n<p><br><\/p>\n","protected":false},"excerpt":{"rendered":"<p>2024-09Du vet snillet i det stora landetSom alltid vet b\u00e4st och alltid kan detF\u00f6rbannas \u00f6ver kontrollen att flyktingar \u00e4ter katterHan vill ju bara allas b\u00e4sta, som att s\u00e4nka n\u00e5gra skatter H\u00e4r hemma spelade Billstr\u00f6m, polarna ett sprattMed sin fr\u00e5nvaro, han&#8230;<\/p>\n","protected":false},"author":2,"featured_media":0,"parent":0,"menu_order":0,"comment_status":"closed","ping_status":"closed","template":"","meta":{"jetpack_post_was_ever_published":false,"footnotes":""},"class_list":["post-6407","page","type-page","status-publish","hentry","no-post-thumbnail"],"jetpack_sharing_enabled":true,"_links":{"self":[{"href":"https:\/\/skrivovin.se\/index.php\/wp-json\/wp\/v2\/pages\/6407","targetHints":{"allow":["GET"]}}],"collection":[{"href":"https:\/\/skrivovin.se\/index.php\/wp-json\/wp\/v2\/pages"}],"about":[{"href":"https:\/\/skrivovin.se\/index.php\/wp-json\/wp\/v2\/types\/page"}],"author":[{"embeddable":true,"href":"https:\/\/skrivovin.se\/index.php\/wp-json\/wp\/v2\/users\/2"}],"replies":[{"embeddable":true,"href":"https:\/\/skrivovin.se\/index.php\/wp-json\/wp\/v2\/comments?post=6407"}],"version-history":[{"count":12,"href":"https:\/\/skrivovin.se\/index.php\/wp-json\/wp\/v2\/pages\/6407\/revisions"}],"predecessor-version":[{"id":7303,"href":"https:\/\/skrivovin.se\/index.php\/wp-json\/wp\/v2\/pages\/6407\/revisions\/7303"}],"wp:attachment":[{"href":"https:\/\/skrivovin.se\/index.php\/wp-json\/wp\/v2\/media?parent=6407"}],"curies":[{"name":"wp","href":"https:\/\/api.w.org\/{rel}","templated":true}]}}