{"id":5708,"date":"2023-01-08T22:07:00","date_gmt":"2023-01-08T21:07:00","guid":{"rendered":"https:\/\/skrivovin.se\/?page_id=5708"},"modified":"2023-01-29T09:52:17","modified_gmt":"2023-01-29T08:52:17","slug":"jamtland-harjedalen","status":"publish","type":"page","link":"https:\/\/skrivovin.se\/index.php\/jamtland-harjedalen\/","title":{"rendered":"J\u00e4mtland &#8211; H\u00e4rjedalen"},"content":{"rendered":"\n<p><\/p>\n\n\n\n<p><strong>Om demonstrationer, natur och J\u00e4mtland <\/strong><br>Att demonstrera har blivit p\u00e5 modet<br>Vissa verkar ha f\u00e5tt det i blodet<br>Jag gjorde d\u00e4rf\u00f6r i fj\u00e4llkanten en runda<br>F\u00f6r att se om jag n\u00e5gon folksamling m\u00e5ste runda<br><br>Men ytan jag s\u00e5g var vit och stor<br>Man kan undra om n\u00e5gon h\u00e4r bor<br>Ingen tr\u00e4ngsel och ingen covid<br>F\u00f6lj bara sp\u00e5ret n\u00e4r du \u00e4r p\u00e5 glid<br><br>F\u00f6r republiken mitt patriotiska hj\u00e4rta bl\u00f6der<br>T\u00e4nk sextio mil fr\u00e5n norr till s\u00f6der<br>I v\u00e4ster en gr\u00e4ns till ett icke EU-land<br>I \u00f6ster kultursp\u00e5r fr\u00e5n Vildhussens hand<br><br>Tankar, n\u00e4r jag hoppas snart f\u00e5 behandlas med kniv<br>\u00c4r naturen som f\u00f6r mig \u00e4r mycket exklusiv <br>\u00d6nskar inget tjatter med konspirationer om vaccin <br>Ha en fin helg, jag \u00f6nskar i min egen lilla bulletin.<\/p>\n\n\n\n<p><\/p>\n\n\n\n<p><strong>Republiken J\u00e4mtland<\/strong><br>J\u00e4mtland och H\u00e4rjedalen<br>Sveriges b\u00e4sta republik<br>kronor bland Svearikets landskap<\/p>\n\n\n\n<p>Jorm och H\u00e4llings\u00e5fallet i norr<br>Med Beppe som skaldat vackert p\u00e5 \u00d6n<br>\u201dH\u00e4r m\u00f6ts vi mitt natten<br>vuxna, barn och fulla katter.\u201d<\/p>\n\n\n\n<p>Kulturens ljus stiger h\u00f6gst i \u00f6st<br>Med Sveriges m\u00e4ktigaste vattenfall<br>T\u00f6mdes med en v\u00e5ldsam knall<br>Magnus kanaldr\u00f6m i fritt fall<br>slutade med ett ynkligt skval<\/p>\n\n\n\n<p>Fr\u00e5n \u00d6sterland kom munkarna s\u00e5 stilla<br>V\u00e4lsignade platsen som Chulalongkorn gilla<br>Tempel med guld<\/p>\n\n\n\n<p>Mitt i Sverige och mitt i l\u00e4net<br>Mitt i j\u00e4mtarnas eget partikonvent<br>H\u00f6ll Eva sitt jungfrutal som president<\/p>\n\n\n\n<p>\u00d6ver \u00d6stberget, Storsj\u00f6n och Sommarhagen<br>H\u00f6rs republiklagen, allts\u00e5 jamtelagen<br>\u201dDu skall v\u00e5rda och f\u00f6rsk\u00f6na den bit av jorden<br>som du ett \u00f6gonblick i historien f\u00f6rvaltar<br>\u00e5t de of\u00f6dda.\u201d<\/p>\n\n\n\n<p>I v\u00e4ster sk\u00e5dar vi Skutan s\u00e5 grann<br>T\u00e4nnforsen, Nulltj\u00e4rn och kungligt fritidsland<br>Orienteringsmecka n\u00e4sta sommar<\/p>\n\n\n\n<p>Oviksfj\u00e4llen, J\u00e4mtlands n\u00e4rmaste fj\u00e4llmassiv<br>Med Gr\u00e4ft\u00e5vallen som \u00e4r s\u00e5 exklusiv<br>P\u00e4rla enligt Pettersson Bergers gnol<br>N\u00e4r han skapade \u201dP\u00e5 fj\u00e4llet i sol\u201d<\/p>\n\n\n\n<p>H\u00e4rjedalen med mylta och skidsp\u00e5r<br>Ramundberget, kronan av landskapets alla vr\u00e5r<br>Skidsp\u00e5r och pister vart \u00f6gat \u00e4n n\u00e5r<br>Sn\u00f6rekordet \u00e4r tv\u00e5 meter och trettiosju<\/p>\n","protected":false},"excerpt":{"rendered":"<p>Om demonstrationer, natur och J\u00e4mtland Att demonstrera har blivit p\u00e5 modetVissa verkar ha f\u00e5tt det i blodetJag gjorde d\u00e4rf\u00f6r i fj\u00e4llkanten en rundaF\u00f6r att se om jag n\u00e5gon folksamling m\u00e5ste runda Men ytan jag s\u00e5g var vit och storMan kan&#8230;<\/p>\n","protected":false},"author":2,"featured_media":0,"parent":0,"menu_order":0,"comment_status":"closed","ping_status":"closed","template":"","meta":{"jetpack_post_was_ever_published":false,"footnotes":""},"class_list":["post-5708","page","type-page","status-publish","hentry","no-post-thumbnail"],"jetpack_sharing_enabled":true,"_links":{"self":[{"href":"https:\/\/skrivovin.se\/index.php\/wp-json\/wp\/v2\/pages\/5708","targetHints":{"allow":["GET"]}}],"collection":[{"href":"https:\/\/skrivovin.se\/index.php\/wp-json\/wp\/v2\/pages"}],"about":[{"href":"https:\/\/skrivovin.se\/index.php\/wp-json\/wp\/v2\/types\/page"}],"author":[{"embeddable":true,"href":"https:\/\/skrivovin.se\/index.php\/wp-json\/wp\/v2\/users\/2"}],"replies":[{"embeddable":true,"href":"https:\/\/skrivovin.se\/index.php\/wp-json\/wp\/v2\/comments?post=5708"}],"version-history":[{"count":4,"href":"https:\/\/skrivovin.se\/index.php\/wp-json\/wp\/v2\/pages\/5708\/revisions"}],"predecessor-version":[{"id":5797,"href":"https:\/\/skrivovin.se\/index.php\/wp-json\/wp\/v2\/pages\/5708\/revisions\/5797"}],"wp:attachment":[{"href":"https:\/\/skrivovin.se\/index.php\/wp-json\/wp\/v2\/media?parent=5708"}],"curies":[{"name":"wp","href":"https:\/\/api.w.org\/{rel}","templated":true}]}}