{"id":488,"date":"2018-05-22T14:24:52","date_gmt":"2018-05-22T12:24:52","guid":{"rendered":"https:\/\/skrivovin.se\/?page_id=488"},"modified":"2019-08-27T11:57:54","modified_gmt":"2019-08-27T09:57:54","slug":"artiklar","status":"publish","type":"page","link":"https:\/\/skrivovin.se\/index.php\/artiklar\/","title":{"rendered":"Tidningsreportage"},"content":{"rendered":"\n<p style=\"text-align:left\">Parallellt med mitt bokskrivande har jag under ett antal \u00e5r frilansat f\u00f6r Mittmedia. Det \u00e4r i f\u00f6rsta hand <strong>L\u00e4nstidningen i \u00d6stersund<\/strong>, som \u00e4r mottagare av reportagen, men ibland publiceras de \u00e4ven i \u00f6vriga tidningar inom koncernen. <br>Det \u00e4r i f\u00f6rsta hand m\u00e4nniskor som jag portr\u00e4tterar. Personer, ofta ok\u00e4nda f\u00f6r den stora allm\u00e4nheten, men som har ett intressant liv och intressanta upplevelser att ber\u00e4tta. <\/p>\n\n\n<p style=\"text-align: center;\">\n<\/p><p style=\"text-align: center;\">\n<\/p><p style=\"text-align: center;\">\n<\/p><p style=\"text-align: center;\">\n<\/p><p style=\"text-align: center;\">\n<\/p><p style=\"text-align: center;\">\n<\/p><p style=\"text-align: center;\"><\/p>\n\n\n<p><\/p>\n\n\n\n<p><\/p>\n","protected":false},"excerpt":{"rendered":"<p>Parallellt med mitt bokskrivande har jag under ett antal \u00e5r frilansat f\u00f6r Mittmedia. Det \u00e4r i f\u00f6rsta hand L\u00e4nstidningen i \u00d6stersund, som \u00e4r mottagare av reportagen, men ibland publiceras de \u00e4ven i \u00f6vriga tidningar inom koncernen. Det \u00e4r i f\u00f6rsta&#8230;<\/p>\n","protected":false},"author":1,"featured_media":0,"parent":0,"menu_order":0,"comment_status":"closed","ping_status":"closed","template":"","meta":{"jetpack_post_was_ever_published":false,"footnotes":""},"class_list":["post-488","page","type-page","status-publish","hentry","no-post-thumbnail"],"jetpack_sharing_enabled":true,"_links":{"self":[{"href":"https:\/\/skrivovin.se\/index.php\/wp-json\/wp\/v2\/pages\/488","targetHints":{"allow":["GET"]}}],"collection":[{"href":"https:\/\/skrivovin.se\/index.php\/wp-json\/wp\/v2\/pages"}],"about":[{"href":"https:\/\/skrivovin.se\/index.php\/wp-json\/wp\/v2\/types\/page"}],"author":[{"embeddable":true,"href":"https:\/\/skrivovin.se\/index.php\/wp-json\/wp\/v2\/users\/1"}],"replies":[{"embeddable":true,"href":"https:\/\/skrivovin.se\/index.php\/wp-json\/wp\/v2\/comments?post=488"}],"version-history":[{"count":253,"href":"https:\/\/skrivovin.se\/index.php\/wp-json\/wp\/v2\/pages\/488\/revisions"}],"predecessor-version":[{"id":2224,"href":"https:\/\/skrivovin.se\/index.php\/wp-json\/wp\/v2\/pages\/488\/revisions\/2224"}],"wp:attachment":[{"href":"https:\/\/skrivovin.se\/index.php\/wp-json\/wp\/v2\/media?parent=488"}],"curies":[{"name":"wp","href":"https:\/\/api.w.org\/{rel}","templated":true}]}}