{"id":48,"date":"2018-01-13T13:29:32","date_gmt":"2018-01-13T12:29:32","guid":{"rendered":"http:\/\/skrivovin.kurzawa.se\/?page_id=48"},"modified":"2019-09-03T11:22:24","modified_gmt":"2019-09-03T09:22:24","slug":"dansforestallning","status":"publish","type":"page","link":"https:\/\/skrivovin.se\/index.php\/hem\/dansforestallning\/","title":{"rendered":"Girighet eller Makt &#8211; Dansf\u00f6rest\u00e4llning"},"content":{"rendered":"<p style=\"text-align: center;\">Storsj\u00f6teatern 2012-03-10<\/p>\n<div id='gallery-1' class='gallery galleryid-48 gallery-columns-3 gallery-size-thumbnail'><figure class='gallery-item'>\n\t\t\t<div class='gallery-icon landscape'>\n\t\t\t\t<a href='https:\/\/skrivovin.se\/dsc_6105\/'><img loading=\"lazy\" decoding=\"async\" width=\"150\" height=\"150\" src=\"https:\/\/skrivovin.se\/wp-content\/uploads\/2018\/01\/dsc_6105-150x150.jpg\" class=\"attachment-thumbnail size-thumbnail\" alt=\"\" \/><\/a>\n\t\t\t<\/div><\/figure><figure class='gallery-item'>\n\t\t\t<div class='gallery-icon landscape'>\n\t\t\t\t<a href='https:\/\/skrivovin.se\/dsc_5484\/'><img loading=\"lazy\" decoding=\"async\" width=\"150\" height=\"150\" src=\"https:\/\/skrivovin.se\/wp-content\/uploads\/2018\/01\/dsc_5484-150x150.jpg\" class=\"attachment-thumbnail size-thumbnail\" alt=\"\" \/><\/a>\n\t\t\t<\/div><\/figure><figure class='gallery-item'>\n\t\t\t<div class='gallery-icon landscape'>\n\t\t\t\t<a href='https:\/\/skrivovin.se\/dsc_5624\/'><img loading=\"lazy\" decoding=\"async\" width=\"150\" height=\"150\" src=\"https:\/\/skrivovin.se\/wp-content\/uploads\/2018\/01\/dsc_5624-150x150.jpg\" class=\"attachment-thumbnail size-thumbnail\" alt=\"\" \/><\/a>\n\t\t\t<\/div><\/figure><figure class='gallery-item'>\n\t\t\t<div class='gallery-icon landscape'>\n\t\t\t\t<a href='https:\/\/skrivovin.se\/dsc_5779\/'><img loading=\"lazy\" decoding=\"async\" width=\"150\" height=\"150\" src=\"https:\/\/skrivovin.se\/wp-content\/uploads\/2018\/01\/dsc_5779-150x150.jpg\" class=\"attachment-thumbnail size-thumbnail\" alt=\"\" \/><\/a>\n\t\t\t<\/div><\/figure><figure class='gallery-item'>\n\t\t\t<div class='gallery-icon landscape'>\n\t\t\t\t<a href='https:\/\/skrivovin.se\/dsc_5834\/'><img loading=\"lazy\" decoding=\"async\" width=\"150\" height=\"150\" src=\"https:\/\/skrivovin.se\/wp-content\/uploads\/2018\/01\/dsc_5834-150x150.jpg\" class=\"attachment-thumbnail size-thumbnail\" alt=\"\" \/><\/a>\n\t\t\t<\/div><\/figure><figure class='gallery-item'>\n\t\t\t<div class='gallery-icon landscape'>\n\t\t\t\t<a href='https:\/\/skrivovin.se\/dsc_5979\/'><img loading=\"lazy\" decoding=\"async\" width=\"150\" height=\"150\" src=\"https:\/\/skrivovin.se\/wp-content\/uploads\/2018\/01\/dsc_5979-150x150.jpg\" class=\"attachment-thumbnail size-thumbnail\" alt=\"\" \/><\/a>\n\t\t\t<\/div><\/figure><figure class='gallery-item'>\n\t\t\t<div class='gallery-icon landscape'>\n\t\t\t\t<a href='https:\/\/skrivovin.se\/dsc_5613\/'><img loading=\"lazy\" decoding=\"async\" width=\"150\" height=\"150\" src=\"https:\/\/skrivovin.se\/wp-content\/uploads\/2018\/01\/dsc_5613-150x150.jpg\" class=\"attachment-thumbnail size-thumbnail\" alt=\"\" \/><\/a>\n\t\t\t<\/div><\/figure>\n\t\t<\/div>\n\n\n\n<h1 class=\"wp-block-heading\">Pressklipp<\/h1>\n\n\n\n<p>Den 10 mars 2012 hade f\u00f6rest\u00e4llningen premi\u00e4r.<\/p>\n\n\n\n<h3 class=\"wp-block-heading\">Bok om bankv\u00e4rlden har blivit dans<\/h3>\n\n\n\n<p>DANS \/ \u00d6STERSUND<\/p>\n\n\n\n<p>Nu blir Torbj\u00f6rn Ohlssons bok om girighet i bankv\u00e4rlden dansf\u00f6rest\u00e4llning. P\u00e5 Wendlas har dansarna redan b\u00f6rjat repetera inf\u00f6r premi\u00e4ren.<\/p>\n\n\n\n<p>\u2013 Id\u00e9n kom till mig en natt. Jag vaknade och det slog mig att det h\u00e4r med girighet har dansats till f\u00f6r, till exempel till de sju d\u00f6dssynderna. Jag mailade till Wendla och ber\u00e4ttade vad boken handlar om samt att jag visste att det var en vansinnig id\u00e9. Fem minuter senare skrev hon \u201ddet h\u00e4r m\u00e5ste vi testa\u201d, ber\u00e4ttar Torbj\u00f6rn Ohlsson som gav ut \u201dGirighet eller makt \u2013 Spelet i bankv\u00e4rlden\u201d p\u00e5 FB f\u00f6rlag i maj.<\/p>\n\n\n\n<p>Till det f\u00f6rsta m\u00f6tet med Wendla Karlsson hade han plockat fram de b\u00e4rande delarna ur boken, cirka 25 avsnitt som var viktig f\u00f6r handlingen. Sedan har Wendla Karlsson plockat ut 15 av dem som hon tycker passar att gestalta i dans.<\/p>\n\n\n\n<p>Det handlar om allt fr\u00e5n bankr\u00e5n, styrelsem\u00f6ten, misshandel och porrklubbsbes\u00f6k.<\/p>\n\n\n\n<p>\u2013 F\u00f6rst t\u00e4nkte jag bankkontor \u2013 det m\u00e5ste bli tr\u00e5kigt. Men det k\u00e4nns j\u00e4ttesp\u00e4nnande och vad jag vet har det inte n\u00e5gon som gjort en dansf\u00f6rest\u00e4llning p\u00e5 en bok i Sverige f\u00f6rut, i alla fall har inte i J\u00e4mtland, s\u00e4ger hon.<\/p>\n\n\n\n<p>Tv\u00e5 personer kommer f\u00e5 framtr\u00e4dande roller i f\u00f6rest\u00e4llningen, en ber\u00e4ttarroll som f\u00f6r handlingen fram\u00e5t mellan scenerna och den andra \u00e4r Johanna.<\/p>\n\n\n\n<p>\u2013 Johanna \u00e4r som \u00e4r en r\u00f6d tr\u00e5d i f\u00f6rest\u00e4llningen, hon \u00e4r en stark, snygg ung tjej som vill bli direkt\u00f6r, vilket inte \u00e4r s\u00e5 popul\u00e4rt, hon blir bara assistent, s\u00e4ger Wendla Karlsson.<\/p>\n\n\n\n<p>Musiken i f\u00f6rest\u00e4llningen kommer vara blandad, allt fr\u00e5n Prodigy, Lady Gaga och Michael Jackson.<\/p>\n\n\n\n<p>\u2013 Jag f\u00f6rs\u00f6ker hitta musik som folk k\u00e4nner igen, s\u00e4ger hon.<\/p>\n\n\n\n<p>\u00c4ven mansk\u00f6ren S\u00e5ngarbr\u00f6derna kommer att medverka.<\/p>\n\n\n\n<p>\u2013 J\u00e4ttekul att de \u00e4r med oss, s\u00e4ger Wendla Karlsson.<\/p>\n\n\n\n<p>Totalt repeterar fem instrukt\u00f6rer med elever inf\u00f6r premi\u00e4ren. Tillsammans med S\u00e5ngarbr\u00f6derna blir det s\u00e5ng, dans och teater.<\/p>\n\n\n\n<p>\u2013 Det \u00e4r t\u00e4nkv\u00e4rd f\u00f6rest\u00e4llning om en manlig v\u00e4rld med mycket m\u00f6ten, avsked, partyn och resor, s\u00e4ger hon.<\/p>\n\n\n\n<p>En av danseleverna som kommer att medverkar \u00e4r Fanny Arnesson.<\/p>\n\n\n\n<p>\u2013 Det k\u00e4nns fantastiskt roligt. De andra har repat en g\u00e5ng men det \u00e4r f\u00f6rsta g\u00e5ngen f\u00f6r mig, ber\u00e4ttar hon.<\/p>\n\n\n\n<p>\u2013 Jag dansar v\u00e4ldigt mycket, ikv\u00e4ll blir jag h\u00e4r i tre timmar, forts\u00e4tter hon.<\/p>\n\n\n\n<p>F\u00f6rest\u00e4llningen har premi\u00e4r 10 mars p\u00e5 Storsj\u00f6teatern.<\/p>\n\n\n\n<p>Emma Rodling<br>emma.rodling@op.se<br><strong>\u00d6stersunds Posten<\/strong><br><strong>Publicerad 3 mars 2012 Uppdaterad 3 mars 2012<\/strong><\/p>\n\n\n\n<h3 class=\"wp-block-heading\">Stor dramatik bakom kulisserna<\/h3>\n\n\n\n<p>L\u00e4nstidningen \u00d6stersund<\/p>\n\n\n\n<p>Finansm\u00e4n och r\u00e5nare dansar sida vid sida n\u00e4r Wendlas f\u00f6rest\u00e4llning \u201dGirighet eller makt\u201d, baserad p\u00e5 boken med samma namn, har premi\u00e4r p\u00e5 Storsj\u00f6teatern den 10 mars.<\/p>\n\n\n\n<p>Vera-Linn Karlsson har dansat hos Wendlas under flera \u00e5r. Hon spelar huvudrollen som Johanna, en kvinna som vill bli chef, men blir \u00e5sidosatt. \u201dJag \u00e4r bara 18 \u00e5r och det h\u00e4r kommer att ge mig stor erfarenhet\u201d, s\u00e4ger hon.<\/p>\n\n\n\n<p>Wendla Karlsson s\u00e4ger att det har varit en riktig utmaning att g\u00f6ra dans av en roman.<\/p>\n\n\n\n<p>F\u00f6rfattaren Torbj\u00f6rn Ohlsson, numera pension\u00e4r, jobbade sj\u00e4lv p\u00e5 bank i flera \u00e5r. Just nu jobbar han p\u00e5 uppf\u00f6ljaren till \u201dGirighet eller makt\u201d.<\/p>\n\n\n\n<p>Vem har sagt att bankv\u00e4rlden \u00e4r stel och gr\u00e5? Wendlas dansstudio t\u00e4nker bevisa motsatsen den 10 mars d\u00e5 f\u00f6rest\u00e4llningen \u201dGirighet eller makt\u201d har premi\u00e4r p\u00e5 Storsj\u00f6teatern.<\/p>\n\n\n\n<p>En bankautomat spr\u00e4ngs, ett brutalt r\u00e5n beg\u00e5s och n\u00e5gon tar sj\u00e4lvmord. Torbj\u00f6rn Ohlssons roman \u201dGirighet eller makt\u201d kom i maj i fjol och f\u00f6ljer det som f\u00f6rsigg\u00e5r i den lilla \u201dJ\u00e4mtlandsbanken\u201d under en 15-\u00e5rsperiod. L\u00e4saren f\u00e5r f\u00f6lja med b\u00e5de till slutna, stela styrelserum och p\u00e5 mer uppsluppna firmafester. I centrum finns ett flertal personer i stela kostymer, en del av dem efterstr\u00e4var makt, andra vill sko sig p\u00e5 andras olycka. Finanskrisen kommer snart som en sl\u00e4gga.<\/p>\n\n\n\n<p>Handlingen bygger till stor del p\u00e5 massmedias rapportering fr\u00e5n 70-talet till b\u00f6rjan av 90-talet, men kan \u00e4ven ses som rykande aktuell i det v\u00e4rldsl\u00e4ge som r\u00e5der 2012. F\u00f6rfattaren Torbj\u00f6rn Ohlsson, numera pension\u00e4r, jobbade sj\u00e4lv p\u00e5 bank i flera \u00e5r.<\/p>\n\n\n\n<p>\u2013 Fr\u00e5n utsidan kan bankv\u00e4rlden te sig ganska tr\u00e5kig och h\u00e4ndelsel\u00f6s, men det h\u00e4nder mycket bakom kulisserna. Det \u00e4r spel i aff\u00e4rer, avancerade bedr\u00e4gerier och kriminella hot fr\u00e5n utsidan. S\u00e5 det kan vara riktigt dramatiskt ibland.<\/p>\n\n\n\n<p>\u2013 Jag tror att bankernas klimat har blivit h\u00e5rdare. N\u00e4r jag b\u00f6rjade jobba var det n\u00e4rmast idylliskt.<\/p>\n\n\n\n<p>Det var hans egen id\u00e9 att Wendlas dansstudio skulle g\u00f6ra en f\u00f6rest\u00e4llning av bokens handling.<\/p>\n\n\n\n<p>\u2013 Jag skrev ett mejl till Wendla Karlsson, fem minuter senare fick jag svaret: Kom hit!<\/p>\n\n\n\n<p>Wendla Karlsson nickar igenk\u00e4nnande.<\/p>\n\n\n\n<p>\u2013 Jag tyckte att det var en helt galen id\u00e9, jag visste inte ett dugg om bankv\u00e4rlden, s\u00e4ger hon och till\u00e4gger att det har varit en riktig utmaning att v\u00e4va samman dans och bokinneh\u00e5ll.<\/p>\n\n\n\n<p>P\u00e5 dansstudion har de delat in sig i tre grupper f\u00f6r att jobba med olika delar av f\u00f6rest\u00e4llningen. Nu ska all koreografi s\u00e4ttas samman. Totalt medverkar 23 dansare i varierade \u00e5ldrar och med olika genrer som specialitet. Den moderna musiken i h\u00f6gtalarna blandas med lives\u00e5ng. Mansk\u00f6ren \u00d6stersunds S\u00e5ngarbr\u00f6der har n\u00e4mligen f\u00e5tt uppdraget att f\u00f6rest\u00e4lla trista banktj\u00e4nstem\u00e4n och dyker upp lite d\u00e5 och d\u00e5 p\u00e5 scenen. Dessutom tar de med j\u00e4mna mellanrum hj\u00e4lp av en \u201dosynlig\u201d ber\u00e4ttarr\u00f6st f\u00f6r att \u00e5terge vissa partier ur boken som var allt f\u00f6r sv\u00e5ra att danss\u00e4tta.<\/p>\n\n\n\n<p>\u2013 Jag hoppas att publiken som har l\u00e4st boken kommer att k\u00e4nna igen sig och f\u00f6rst\u00e5 \u00f6verg\u00e5ngarna mellan akterna och pratat, s\u00e4ger Wendla Karlsson.<\/p>\n\n\n\n<p>Det finns ocks\u00e5 ett feministiskt perspektiv. Vera-Linn Karlsson, som b\u00f6rjade dansa redan som barn, spelar huvudrollen som Johanna, en kvinna som vill bli chef, men blir \u00e5sidosatt.<\/p>\n\n\n\n<p>\u2013 Jag upplever henne som stark, men lite f\u00f6rvirrad \u00f6ver situationen p\u00e5 banken. F\u00f6r mig k\u00e4nns det stort att f\u00e5 spela en bokkarakt\u00e4r. Jag \u00e4r bara 18 \u00e5r och det h\u00e4r kommer att ge mig stor erfarenhet, s\u00e4ger hon.<\/p>\n\n\n\n<p>Hennes st\u00f6rsta f\u00f6rhoppning \u00e4r att dansshowen ska ber\u00f6ra publiken.<\/p>\n\n\n\n<p>\u2013 Det \u00e4r en hel del starka scener. En av mina favoriter \u00e4r en djup depressionsdans. Dessutom kommer huvuden att rulla \u2013 bokstavligen, s\u00e4ger hon.<\/p>\n\n\n\n<p>Sara Str\u00f6mberg 063-15 55 28<br>sara.stromberg@ltz.se<\/p>\n\n\n\n<h3 class=\"wp-block-heading\">Wendlas dansare gestaltar r\u00e5nare och finansm\u00e4n<\/h3>\n\n\n\n<p>Dans<\/p>\n\n\n\n<p>Det dunkar rej\u00e4lt ifr\u00e5n en av de spegelbekl\u00e4dda salarna strax intill receptionen p\u00e5 Wendlas dansstudio. D\u00e4r inne \u00e4r fyra tjejer i full g\u00e5ng med att gestalta r\u00e5nare och finansm\u00e4n i olika danser.<\/p>\n\n\n\n<p>10 mars s\u00e4tter Wendlas dansstudio upp f\u00f6rest\u00e4llningen \u201dGirighet eller makt\u201d som \u00e4r baserad p\u00e5 boken med samma namn, skriven av Torbj\u00f6rn Ohlsson.Fotograf: Lina Lindb\u00e4ck<\/p>\n\n\n\n<p>Vera-Linn Karlsson, i mitten, spelar huvudrollsinne\u00adhavaren Johanna.<\/p>\n\n\n\n<p>Tjejerna tillh\u00f6r en av tre grupper som jobbar med olika delar ur f\u00f6rest\u00e4llningen \u201dGirighet eller makt\u201d som \u00e4r baserad p\u00e5 boken med samma namn. Den har skrivits av lokala f\u00f6rfattaren Torbj\u00f6rn Ohlsson och romanen \u00e4r hans f\u00f6rsta.<\/p>\n\n\n\n<p>\u201dGirighet eller makt\u201d g\u00e5r bakom kulisserna p\u00e5 den lilla \u201dJ\u00e4mtlandsbanken\u201d d\u00e4r l\u00e4saren f\u00e5r f\u00f6lja det dagliga arbetet p\u00e5 kontoret, personalfester, ledningsgrupper, herrmiddagar, r\u00e5n och kriminalitet som slutar i tragiska historier som sj\u00e4lvmord. Dessutom \u00e4r en finanskris p\u00e5 ing\u00e5ng.<\/p>\n\n\n\n<p>\u2013 Lite av ber\u00e4ttelsen \u00e4r tillspetsad, men 60 till 70 procent \u00e4r dokument\u00e4rt, s\u00e4ger Torbj\u00f6rn Ohlsson.<\/p>\n\n\n\n<p>Boken bygger dels p\u00e5 medias rapportering ifr\u00e5n olika banker under 70- till 90-talet och dessutom Torbj\u00f6rn Ohlssons egna erfarenheter. Han har n\u00e4mligen arbetet i branschen i \u00f6ver 40 \u00e5r, vilket givetvis har gett honom b\u00e5de b\u00e4ttre och s\u00e4mre erfarenheter.<\/p>\n\n\n\n<p>\u2013 Jag b\u00f6rjade bl\u00e4ddra i tidningar f\u00f6r att se vad som skrivits om banker. N\u00e4r jag s\u00e5g hur mycket det var k\u00e4nde jag att det skulle bli en roman.<\/p>\n\n\n\n<p>Men hur blev romanen en dansshow?<\/p>\n\n\n\n<p>\u2013 Jag vaknade en natt och hade s\u00e4kert dr\u00f6mt om girighet. D\u00e5 t\u00e4nkte jag att det tidigare dansats om de sju d\u00f6dssynderna och det h\u00e4r \u00e4r makt och girighet i en annan skepnad. S\u00e5 jag mailade Wendla Karlsson.<\/p>\n\n\n\n<p>Hon var inte sen att svara. Och inom en vecka var hennes danselever ig\u00e5ng och tr\u00e4nade.<\/p>\n\n\n\n<p>Hur t\u00e4nkte du n\u00e4r du sa ja till att g\u00f6ra danser om bankv\u00e4rlden?<\/p>\n\n\n\n<p>\u2013 Jag t\u00e4nkte nog inte och det \u00e4r jag glad f\u00f6r i dag. Men med s\u00e5ng, dans och teater kan man g\u00f6ra allt, bara man v\u00e5gar, s\u00e4ger Wendla Karlsson.<\/p>\n\n\n\n<p>Dansstilarna som kommer att visas upp \u00e4r streetjazz, avancerad disco, lyrisk jazz och fridans och allting blir lite av en blandning mellan dans och teater.<\/p>\n\n\n\n<p>\u2013 Fast dansarna spelar ju teater med kroppen n\u00e4r de dansar, de pratar inte, s\u00e4ger Wendla.<\/p>\n\n\n\n<p>Pratandet kommer i st\u00e4llet Torbj\u00f6rn Ohlsson st\u00e5 f\u00f6r sj\u00e4lv, d\u00e5 han h\u00f6gl\u00e4ser vissa scener ur boken live. Detta eftersom de \u00e4r f\u00f6r sv\u00e5ra att gestalta genom dansen.<\/p>\n\n\n\n<p>Dessutom kommer mans\u00adk\u00f6ren \u201dS\u00e5ngabr\u00f6derna\u201d upptr\u00e4da som banktj\u00e4nstem\u00e4n p\u00e5 scenen.<\/p>\n\n\n\n<p>Huvudrollsinnehavaren i showen \u00e4r den unga kvinnan Johanna som vill bli chef men \u00e5sidos\u00e4tts. Den rollen spelas av Vera-Linn Karlsson, 18 \u00e5r fr\u00e5n \u00d6stersund, som har dansat i m\u00e5nga \u00e5r och dessutom \u00e4r dansl\u00e4rare. Hon \u00e4r en av 23 deltagande dansare i varierande \u00e5ldrar i \u201dGirighet eller makt\u201d.<\/p>\n\n\n\n<p>\u2013 Jag fastnade f\u00f6r den h\u00e4r rollen n\u00e4r jag l\u00e4ste boken och nu k\u00e4nns det grymt sp\u00e4nnande. Men det \u00e4r en helt ny sak f\u00f6r mig. Jag har spelat lite teater tidigare, men aldrig tolkat ifr\u00e5n en bok, s\u00e4ger Vera-Linn.<\/p>\n\n\n\n<p>Lina Lindb\u00e4ck<br>lina.lindback@op.se<\/p>\n\n\n\n<h3 class=\"wp-block-heading\"> <\/h3>\n\n\n\n<h3 class=\"wp-block-heading\"><\/h3>\n","protected":false},"excerpt":{"rendered":"<p>Storsj\u00f6teatern 2012-03-10 Pressklipp Den 10 mars 2012 hade f\u00f6rest\u00e4llningen premi\u00e4r. Bok om bankv\u00e4rlden har blivit dans DANS \/ \u00d6STERSUND Nu blir Torbj\u00f6rn Ohlssons bok om girighet i bankv\u00e4rlden dansf\u00f6rest\u00e4llning. P\u00e5 Wendlas har dansarna redan b\u00f6rjat repetera inf\u00f6r premi\u00e4ren. \u2013 Id\u00e9n&#8230;<\/p>\n","protected":false},"author":1,"featured_media":0,"parent":2,"menu_order":1,"comment_status":"closed","ping_status":"closed","template":"","meta":{"jetpack_post_was_ever_published":false,"footnotes":""},"class_list":["post-48","page","type-page","status-publish","hentry","no-post-thumbnail"],"jetpack_sharing_enabled":true,"_links":{"self":[{"href":"https:\/\/skrivovin.se\/index.php\/wp-json\/wp\/v2\/pages\/48","targetHints":{"allow":["GET"]}}],"collection":[{"href":"https:\/\/skrivovin.se\/index.php\/wp-json\/wp\/v2\/pages"}],"about":[{"href":"https:\/\/skrivovin.se\/index.php\/wp-json\/wp\/v2\/types\/page"}],"author":[{"embeddable":true,"href":"https:\/\/skrivovin.se\/index.php\/wp-json\/wp\/v2\/users\/1"}],"replies":[{"embeddable":true,"href":"https:\/\/skrivovin.se\/index.php\/wp-json\/wp\/v2\/comments?post=48"}],"version-history":[{"count":5,"href":"https:\/\/skrivovin.se\/index.php\/wp-json\/wp\/v2\/pages\/48\/revisions"}],"predecessor-version":[{"id":2282,"href":"https:\/\/skrivovin.se\/index.php\/wp-json\/wp\/v2\/pages\/48\/revisions\/2282"}],"up":[{"embeddable":true,"href":"https:\/\/skrivovin.se\/index.php\/wp-json\/wp\/v2\/pages\/2"}],"wp:attachment":[{"href":"https:\/\/skrivovin.se\/index.php\/wp-json\/wp\/v2\/media?parent=48"}],"curies":[{"name":"wp","href":"https:\/\/api.w.org\/{rel}","templated":true}]}}