{"id":32,"date":"2018-01-13T13:17:36","date_gmt":"2018-01-13T12:17:36","guid":{"rendered":"http:\/\/skrivovin.kurzawa.se\/?page_id=32"},"modified":"2024-09-25T15:58:46","modified_gmt":"2024-09-25T13:58:46","slug":"recens","status":"publish","type":"page","link":"https:\/\/skrivovin.se\/index.php\/mitt-skrivande\/recens\/","title":{"rendered":"Bortr\u00e4knad"},"content":{"rendered":"<div class=\"wp-block-image\">\n<figure class=\"alignright is-resized\"><img loading=\"lazy\" decoding=\"async\" width=\"697\" height=\"1024\" src=\"https:\/\/skrivovin.se\/wp-content\/uploads\/2019\/09\/Bortraknad_omslag-m-H-697x1024.jpg\" alt=\"\" class=\"wp-image-2384\" style=\"width:288px;height:423px\" srcset=\"https:\/\/skrivovin.se\/wp-content\/uploads\/2019\/09\/Bortraknad_omslag-m-H-697x1024.jpg 697w, https:\/\/skrivovin.se\/wp-content\/uploads\/2019\/09\/Bortraknad_omslag-m-H-204x300.jpg 204w, https:\/\/skrivovin.se\/wp-content\/uploads\/2019\/09\/Bortraknad_omslag-m-H-768x1128.jpg 768w, https:\/\/skrivovin.se\/wp-content\/uploads\/2019\/09\/Bortraknad_omslag-m-H.jpg 1686w\" sizes=\"auto, (max-width: 697px) 100vw, 697px\" \/><\/figure>\n<\/div>\n\n\n<p>Baksidestext  <br>Magnus tror sig \u00e4ntligen ha hamnat r\u00e4tt. Som nyutexaminerad journalist k\u00e4nns det som livet tagit en positiv v\u00e4ndning. Han har en \u00e4lskad hustru och en fantastisk son och nu v\u00e4ntar ett vikariat p\u00e5 Z\u00e4taCorren, lokaltidningen med stora ambitioner. <br> <br> Han minns d\u00e5 och d\u00e5 h\u00e4ndelser d\u00e4r han redan som barn k\u00e4nt sig utanf\u00f6r kompisarnas gemenskap. Det har g\u00e4llt allt fr\u00e5n pojkfotbollen till klassresor med fj\u00e4llvandring. <br> Som vuxen har han provat m\u00e5nga yrken. Oftast har det fungerat bra, medan det p\u00e5 vissa arbetsplatser har funnits pl\u00e5goandar som sett till att Magnus hamnat utanf\u00f6r.<br> <br> Redan i ton\u00e5ren f\u00f6r\u00e4lskade han sig i Ulla och hon blev hans stora st\u00f6d i livet. Deras liv tillsammans och hennes k\u00e4nsla och kunskap om m\u00e4nniskor har gjort att hon l\u00e4ser hans sinnesst\u00e4mning som en \u00f6ppen bok och hj\u00e4lper honom ur m\u00e5nga sv\u00e5ra situationer.<br> <br> I b\u00f6rjan stortrivs Magnus p\u00e5 sin nya arbetsplats. Hans chef \u00e4r st\u00f6ttande och arbetskamraterna v\u00e4nliga och hj\u00e4lpsamma, inte minst Frida, som han tycker p\u00e5minner om Ulla n\u00e4r hon var yngre. <br> <br> Snart f\u00f6r\u00e4ndras f\u00f6ruts\u00e4ttningarna f\u00f6r Magnus.\u00a0 <br><br><a href=\"https:\/\/skrivovin.se\/index.php\/ett-smakprov-ur-bortraknad\/\">H\u00e4r kan du l\u00e4sa en del av f\u00f6rsta kapitlet<\/a>.<br><br><br>Best\u00e4ll bok.<br>Pris 175:- kr. Porto tillkommer.\u00a0\u00a0<\/p>\n\n\n\n<p class=\"has-medium-font-size\"><br><strong>Recensioner och omd\u00f6men<\/strong><br> <br>Reportage L\u00e4nstidning 2019-10-30<br><strong>Torbj\u00f6rn Ohlsson sl\u00e4pper ny roman: &#8221;Jag har fastnat i m\u00e4nniskans m\u00f6rka sidor&#8221;<\/strong><\/p>\n\n\n\n<p><a rel=\"noreferrer noopener\" href=\"http:\/\/www.facebook.com\/sharer.php?p%5Bsummary%5D=De+tv%C3%A5+f%C3%B6rsta+handlar+om+girighet+och+makt.+Den+tredje+om+%C3%B6vergrepp+och+kr%C3%A4nkningar.+Nu+%C3%A4r...&amp;p%5Btitle%5D=Torbj%25C3%25B6rn%2520Ohlsson%2520sl%25C3%25A4pper%2520ny%2520roman%3A%2520%2522Jag%2520har%2520fastnat%2520i%2520m%25C3%25A4nniskans%2520m%25C3%25B6rka%2520sidor%2522&amp;p%5Burl%5D=https%3A%2F%2Fwww.ltz.se%2Fartikel%2Ftorbjorn-ohlsson-slapper-ny-roman-jag-har-fastnat-i-manniskans-morka-sidor&amp;s=100&amp;t=Torbj%25C3%25B6rn%2520Ohlsson%2520sl%25C3%25A4pper%2520ny%2520roman%3A%2520%2522Jag%2520har%2520fastnat%2520i%2520m%25C3%25A4nniskans%2520m%25C3%25B6rka%2520sidor%2522&amp;u=https%3A%2F%2Fwww.ltz.se%2Fartikel%2Ftorbjorn-ohlsson-slapper-ny-roman-jag-har-fastnat-i-manniskans-morka-sidor\" target=\"_blank\"><\/a>De tv\u00e5 f\u00f6rsta handlar om girighet och makt. Den tredje om \u00f6vergrepp och\nkr\u00e4nkningar. Nu \u00e4r Torbj\u00f6rn Ohlsson aktuell med sin fj\u00e4rde bok. Boken heter\n&#8221;Bortr\u00e4knad&#8221; och handlar om mobbing, h\u00e4rskartekniker och utanf\u00f6rskap.<\/p>\n\n\n\n<p> &#8211; Jag tror det bottnar\ni mitt intresse f\u00f6r m\u00e4nniskor och vad som driver oss, s\u00e4ger Torbj\u00f6rn Ohlsson\nsom svar p\u00e5 fr\u00e5gan varifr\u00e5n \u00e4mnena till b\u00f6ckerna kommer.<\/p>\n\n\n\n<p>I\n&#8221;Bortr\u00e4knad&#8221; har huvudpersonen Magnus skaffat sig en ny utbildning\noch ett nytt jobb som reporter p\u00e5 tidningen Z\u00e4tacorren. Med sig fr\u00e5n barndomen\nhar han k\u00e4nslor av utanf\u00f6rskap och tidigare arbeten har inte alltid g\u00e5tt s\u00e5 bra\nf\u00f6r honom. Men ett nytt jobb och en ny utbildning hoppas han ska vara\nv\u00e4ndningen. Till en b\u00f6rjan verkar allt bra men sedan tar allt andra v\u00e4ndningar\nf\u00f6r Magnus.<\/p>\n\n\n\n<figure class=\"wp-block-image\"><img loading=\"lazy\" decoding=\"async\" width=\"1200\" height=\"797\" src=\"https:\/\/i1.wp.com\/skrivovin.se\/wp-content\/uploads\/2019\/11\/Torbj\u00f6rn-LT.jpeg?fit=640%2C425&amp;ssl=1\" alt=\"\" class=\"wp-image-2518\" srcset=\"https:\/\/skrivovin.se\/wp-content\/uploads\/2019\/11\/Torbj\u00f6rn-LT.jpeg 1200w, https:\/\/skrivovin.se\/wp-content\/uploads\/2019\/11\/Torbj\u00f6rn-LT-300x199.jpeg 300w, https:\/\/skrivovin.se\/wp-content\/uploads\/2019\/11\/Torbj\u00f6rn-LT-768x510.jpeg 768w, https:\/\/skrivovin.se\/wp-content\/uploads\/2019\/11\/Torbj\u00f6rn-LT-1024x680.jpeg 1024w\" sizes=\"auto, (max-width: 1200px) 100vw, 1200px\" \/><figcaption class=\"wp-element-caption\">Bild Katrin \u00c5sander<\/figcaption><\/figure>\n\n\n\n<p><br>Torbj\u00f6rn Ohlsson har tidigare arbetat som s\u00e4kerhetschef p\u00e5 bank och det \u00e4r ocks\u00e5 inom bankv\u00e4rlden som de tv\u00e5 f\u00f6rsta b\u00f6ckerna utspelar sig. B\u00f6ckerna handlar om girighet, makt, kr\u00e4nkningar och nu i den senaste- mobbing. &#8221;Jag har fastnat i m\u00e4nniskans m\u00f6rka sidor&#8221;, s\u00e4ger han om valet av \u00e4mnen.<\/p>\n\n\n\n<p>&#8211; Jag ville inte ha\nbankv\u00e4rldsmilj\u00f6n igen s\u00e5 d\u00e4rf\u00f6r blev det en tidningsredaktion. Det var nytt f\u00f6r\nmig s\u00e5 det har jag f\u00e5tt s\u00e4tta mig in i. Jag har bland annat tr\u00e4ffat Linda\nHedenljung p\u00e5 \u00d6P som ber\u00e4ttat hur redaktionsarbetet fungerar, s\u00e4ger han.<\/p>\n\n\n<div class=\"wp-block-image\">\n<figure class=\"aligncenter is-resized\"><img loading=\"lazy\" decoding=\"async\" width=\"697\" height=\"1024\" src=\"https:\/\/skrivovin.se\/wp-content\/uploads\/2019\/09\/Bortraknad_omslag-m-H-697x1024.jpg\" alt=\"\" class=\"wp-image-2384\" style=\"width:290px;height:auto\" srcset=\"https:\/\/skrivovin.se\/wp-content\/uploads\/2019\/09\/Bortraknad_omslag-m-H-697x1024.jpg 697w, https:\/\/skrivovin.se\/wp-content\/uploads\/2019\/09\/Bortraknad_omslag-m-H-204x300.jpg 204w, https:\/\/skrivovin.se\/wp-content\/uploads\/2019\/09\/Bortraknad_omslag-m-H-768x1128.jpg 768w, https:\/\/skrivovin.se\/wp-content\/uploads\/2019\/09\/Bortraknad_omslag-m-H.jpg 1686w\" sizes=\"auto, (max-width: 697px) 100vw, 697px\" \/><\/figure>\n<\/div>\n\n\n<p>Omslaget visar en keramiktavla, &#8221;Utst\u00f6tt&#8221;, skapad av konstn\u00e4ren\nGudrun Pierre.<\/p>\n\n\n\n<p>Inf\u00f6r arbetet med\nboken skrev Torbj\u00f6rn ut en fr\u00e5ga p\u00e5 sociala medier; var det n\u00e5gon som hade\nerfarenhet av mobbing och som ville ber\u00e4tta? Responsen blev ov\u00e4ntat stor.<\/p>\n\n\n\n<p>&#8211; Jag fick massor med\nmejl. Jag visste att det var stort men inte s\u00e5 stort. Folk jag inte k\u00e4nner har\nringt mig och velat ber\u00e4tta. Jag har intervjuat en del och andra har skickat\nl\u00e5nga mejl med ber\u00e4ttelser om vad de varit med om.<\/p>\n\n\n\n<p>Har du sj\u00e4lv n\u00e5gon\nupplevelse av mobbing?<\/p>\n\n\n\n<p>&#8211; Nej, jag har inte\nvarit med om n\u00e5got s\u00e5dant s\u00e5 jag \u00e4r lyckligt lottad. Men jag har sett tendenser\ntill det fr\u00e5n egna jobbet. Inte ren mobbing men olika h\u00e4rskartekniker som folk\nhar ut\u00f6vat. Det finns lite \u00f6verallt, s\u00e4ger Torbj\u00f6rn.<\/p>\n\n\n\n<p>N\u00e5gon verklighetens\nMagnus finns det inte utan han \u00e4r ett hopkok av olika upplevelser och\nh\u00e4ndelser. Inte heller handlingen \u00e4r baserad p\u00e5 n\u00e5gon s\u00e4rskild situation fr\u00e5n\nverkligheten \u00e4ven om verkligheten inspirerat.<\/p>\n\n\n\n<p>&#8211; Det \u00e4r en helt\np\u00e5hittad person och det fick bli en man denna g\u00e5ng eftersom jag hade en kvinna\nsom huvudperson f\u00f6rra g\u00e5ngen. Krokomsfallet har funnits i tankarna n\u00e4r jag\nskrivit men det \u00e4r inte d\u00e4rifr\u00e5n ber\u00e4ttelsen kommer.<\/p>\n\n\n\n<p>Torbj\u00f6rn hoppas att boken\nkan f\u00e5 m\u00e4nniskor som upplevt liknande saker att k\u00e4nna sig mindre ensamma och\nkanske finna en tr\u00f6st i boken.<\/p>\n\n\n\n<p>&#8211; Det \u00e4r ett trauma\nf\u00f6r de m\u00e4nniskor som varit med om s\u00e5nt h\u00e4r.<\/p>\n\n\n\n\n\n<p>Torbj\u00f6rn Ohlsson har tidigare arbetat som s\u00e4kerhetschef p\u00e5 bank och det \u00e4r\nocks\u00e5 inom bankv\u00e4rlden som de tv\u00e5 f\u00f6rsta b\u00f6ckerna utspelar sig. b\u00f6ckerna\nhandlar om girighet, makt, kr\u00e4nkningar och nu i den senaste- mobbing. &#8221;Jag\nhar fastnat i m\u00e4nniskans m\u00f6rka sidor&#8221;, s\u00e4ger han om valet av \u00e4mnen.<\/p>\n\n\n\n<p>Bokens omslag \u00e4r en\nbild av konstverket &#8221;Utst\u00f6tt&#8221;, skapad av Gudrun Pierre. Ett konstverk\nsom Torbj\u00f6rn Ohlsson haft i sin \u00e4go i m\u00e5nga \u00e5r. Att den skulle bli bokens\nomslagsbild hade han dock inte en tanke p\u00e5 f\u00f6rr\u00e4n han pl\u00f6tsligt s\u00e5g den framf\u00f6r\nsig med nya \u00f6gon.<\/p>\n\n\n\n<p>&#8211; Jag k\u00e4mpade f\u00f6r att\nhitta ett omslag och gick till Badhusparken f\u00f6r att fota f\u00e5glar i flock d\u00e4r en\nf\u00e5gel var utanf\u00f6r, men inget blev riktigt bra. Men en dag tittade jag upp och\ns\u00e5g tavlan i hallen, den har h\u00e4ngt d\u00e4r i s\u00e4kert trettio \u00e5r. D\u00e4r \u00e4r ju mitt\nomslag t\u00e4nkte jag d\u00e5.<\/p>\n\n\n\n<p>Boken sl\u00e4pps\nofficiellt i samband med den regionala bokm\u00e4ssan i \u00d6stersund och Krokom den\n22-23 november.<\/p>\n\n\n\n<p>Katrin \u00c5sander<br><a href=\"tel:\/\/063-155530\">063-155530<\/a><a href=\"mailto:katrin.asander@mittmedia.se\">katrin.asander@mittmedia.se<\/a><br><br><\/p>\n\n\n\n<p><strong>Torbj\u00f6rn Ohlsson: Bortr\u00e4knad<br>Katarina Ryckenberg, R-Write, nov 2019<\/strong><\/p>\n\n\n\n<p>\u201dDet\nsitter i v\u00e4ggarna\u201d<\/p>\n\n\n\n<p>En\nav de viktiga r\u00e5d vi som nyutexadade journalister fick med oss n\u00e4r vi skulle\nl\u00e4mna skolans trygga v\u00e4rld och ge oss in i de olika redaktionsrummen var \u2013 \u201dkom\nih\u00e5g, det sitter i v\u00e4ggarna\u201d. Med andra ord lyssna av, ta in och anpassa s\u00e5 att\ndet du g\u00f6r, skriver och uttrycker sm\u00e4lter in i den stil och de v\u00e4rderingar som\nst\u00e4mmer f\u00f6r just den h\u00e4r avdelningen p\u00e5 just den h\u00e4r tidningen.<\/p>\n\n\n\n<p>N\u00e4r\njag l\u00e4ser, str\u00e4ckl\u00e4ser, Torbj\u00f6rn Olsson senaste bok Bortvald s\u00e5 ringer det\ngamla r\u00e5det med blytunga slag i \u00f6ronen. Kanske \u00e4r det en slump att han valt\njust en redaktion som sk\u00e5deplats f\u00f6r den h\u00e4r otroligt viktiga ber\u00e4ttelsen \u2013 det\natt m\u00e4nniskor behandlar varandra grymt och respektl\u00f6st f\u00f6rekommer inom alla\nyrken, alla \u00e5ldrar och alla storlekar av arbetsplatser \u2013 men det blir extra\np\u00e5tagligt skr\u00e4mmande och f\u00f6rkastligt n\u00e4r handlingen f\u00f6rl\u00e4ggs till att r\u00f6ra sig\nmellan individer som i sin yrkesroll ska bevaka och f\u00f6rsvara r\u00e4tten till\nm\u00e5ngfald, j\u00e4mlikhet och likabehandling.<\/p>\n\n\n\n<p>\u201dP\u00e5\nden h\u00e4r arbetsplatsen \u00e4r vi \u00f6verens om att vi har vissa normer vi f\u00f6ljer.\u201d\nOskrivna regler som ofta \u00e4r b\u00e5de bra n\u00f6dv\u00e4ndiga f\u00f6r att vi ska kunna fungera i\nen grupp med varandra &#8211; vi spottar inte p\u00e5 golvet, vi sl\u00e5ss inte, vi kommer i\ntid till m\u00f6ten. Men vem s\u00e4tter reglerna f\u00f6r normen? Vem best\u00e4mmer vad som \u00e4r\nsocial kompetens? Vem best\u00e4mmer vilka som platsar och vilka som ska rensas\nbort? Vem granskar kritiskt de vedertagna normerna och vem v\u00e5gar ifr\u00e5gas\u00e4tta\ndem? \u00c4r inte detta sj\u00e4lva essensen n\u00e4r det kommer till mobbning, f\u00f6r\u00f6vare,\nmedl\u00f6pare &nbsp;&#8211; tysta eller inte. Torbj\u00f6rn\nbeskriver det, realistiskt precis som det kan vara, utan stora dramatiska\nskeenden men hur ett sakta , st\u00e4ndigt t\u00e4rande mal ner och pulveriserar en\nm\u00e4nniskas sj\u00e4l och livskraft.<\/p>\n\n\n\n<p>Ett\notroligt viktigt \u00e4mne i dessa tider d\u00e5 PK&nbsp;\n&#8211; politiskt korrekt \u2013 \u00e4r s\u00e5 popul\u00e4rt att skriva upp p\u00e5 agendan f\u00f6r\narbetsplatstr\u00e4ffar, personalutvecklingsdagar och utvecklingsstrategier.<\/p>\n\n\n\n<p><br><strong>Recension.<\/strong><br><strong>Bortr\u00e4knad av Torbj\u00f6rn Ohlsson<\/strong><\/p>\n\n\n\n<p>Titeln Bortr\u00e4knad och texten p\u00e5 bokens baksida s\u00e4ger\nomg\u00e5ende allt. H\u00e4r handlar det om ett sorgligt m\u00e4nnisko\u00f6de. Huvudpersonen Magnus\nhar under st\u00f6rre delen av sitt liv blivit mobbad. Han har, sedan barndomen k\u00e4nt\nsig utanf\u00f6r, men nu \u2013 efter en lyckad utbildning och journalistexamen med fina\nbetyg, hoppas han och hans lojala och st\u00f6ttande hustru p\u00e5 ljusare tider. Magnus\n\u00e4r beg\u00e5vad, v\u00e4nlig och en skicklig skribent. Observant och intuitiv. Han kan utf\u00f6ra\nprofessionell journalistik. Men han k\u00e4nner sig os\u00e4ker och klarar inte av att\nagera spontant eller r\u00f6ra sig ledigt i det sociala umg\u00e4nget med sina\narbetskamrater. Br\u00e4nd av tidigare erfarenheter i livet, framst\u00e5r han som f\u00f6rsiktig\np\u00e5 arbetsplatsen, men blir omtyckt. Han f\u00e5r en god v\u00e4n i den unga praktikanten Frida\np\u00e5 tidningen Z\u00e4taCorren. Hon \u00e4r r\u00e4ttfram, frispr\u00e5kig, livlig och p\u00e5 gott hum\u00f6r,\nalltid beredd att p\u00e5 sekunden, rycka ut p\u00e5 jobb. Magnus har ett vikariat p\u00e5 sex\nm\u00e5nader, vilket ger honom ytterligare en os\u00e4kerhetsfaktor. F\u00e5r han f\u00f6rl\u00e4ngning?\nBlir han accepterad? Allt g\u00e5r emellertid som smort. Han blir uppskattad f\u00f6r\nsina reportage och glider in i arbetsgemenskapen. Dock, i faggorna lurar likt\nett osynligt sp\u00f6ke, ett ont och bittert \u00f6ga som tycks vara sv\u00e5rt att r\u00e5 p\u00e5. Det\nuppst\u00e5r problem. Emotionella p\u00e5frestningar uppst\u00e5r p\u00e5 redaktionen, s\u00e4rskilt p\u00e5\nsporten. &nbsp;<\/p>\n\n\n\n<p>Boken \u00e4r en bladv\u00e4ndare. Sp\u00e4nningen h\u00e4nger i luften, boken\nigenom. Vi l\u00e4sare vet att n\u00e5got ska h\u00e4nda men inte vad. Boken blir aldrig stillast\u00e5ende.\nHandlingen drivs fram\u00e5t av m\u00e5nga dialoger och kommentarer kring den l\u00e5gm\u00e4lt\nskildrade dramatiken och dess cliffhangers. Milj\u00f6beskrivningarna g\u00f6r att man\nk\u00e4nner sig d\u00e4r och n\u00e4rvarande.<\/p>\n\n\n\n<p>Torbj\u00f6rn Ohlsson \u00e4r som klippt och skuren f\u00f6r\nmanusf\u00f6rfattande. Det skulle inte f\u00f6rv\u00e5na mig om Torbj\u00f6rn Ohlsson blir n\u00e4sta\nhyllade svenska TV-serief\u00f6rfattare. Det \u00e4r l\u00e4tt att f\u00f6r sin inre syn f\u00f6rest\u00e4lla\nsig hur individerna i persongalleriet r\u00f6r sig, \u00e4r kl\u00e4dda och hur deras r\u00f6ster\nl\u00e5ter. Ibland, kanske, p\u00e5 bekostnad av ett mer m\u00e5lande litter\u00e4rt spr\u00e5k som\nl\u00e5ter l\u00e4saren leta sig fram \u00e4ven mellan raderna. Vi skulle kunna h\u00e5llas p\u00e5\nhalster en n\u00e4stintill outh\u00e4rdlig stund till, f\u00f6r att \u00f6verraskas av en ov\u00e4ntad\nv\u00e4ndning. Chockartat. F\u00f6rfattaren lyckas likafullt med konsten att h\u00e5lla oss nerv\u00f6sa\nnog tills klockan \u00e4r slagen, tills sista sidan \u00e4r l\u00e4st. <\/p>\n\n\n\n<p>Torbj\u00f6rn Ohlsson gestaltar k\u00e4nsliga teman lyh\u00f6rt och\nsympatiskt. Han beskriver, utan att d\u00f6ma, m\u00e4nniskors svagheter och brist p\u00e5\ncivilkurage vid skarpa l\u00e4gen. Men ocks\u00e5 styrkor och v\u00e4rme. Han \u00e4r duktig p\u00e5 att\nse s\u00e5 kallat vanligt folk f\u00f6r vad de \u00e4r. Torbj\u00f6rn Ohlsson beskriver feghet i\nsin m\u00e4nskliga omedvetna oskuldsfullhet. En v\u00e4l dold frustration ligger visserligen\ninb\u00e4ddad i rollfigurernas tafatthet. De \u00e4r trots allt journalister. <\/p>\n\n\n\n<p>Torbj\u00f6rn Ohlsson utvecklar i snabb takt sitt allt mer uppm\u00e4rksammade f\u00f6rfattarskap. Jag ser fram emot n\u00e4sta ber\u00e4ttelse. Vad den kommer handla om ligger som en cliffhanger kvar i luften och dinglar. Han brukar ligga steget f\u00f6re och k\u00e4nna av vart vinden bl\u00e5ser. Att i ljuset dra fram vad som legat bortsopat under mattorna \u00e4r han expert p\u00e5.<br><br>Agneta Gunneling Geijer<br>Lund<\/p>\n\n\n\n<p>Ha en bra dag i Ragunda-dalen och tack f\u00f6r fin l\u00e4sning.?Ett tungt \u00e4mne med s\u00e5 mycket k\u00e4nslor hos s\u00e5 m\u00e5nga. Du har p\u00e5 ett fantastiskt fint s\u00e4tt lyckats s\u00e4tta ord p\u00e5 alla k\u00e4nslor.?&nbsp;Mycket l\u00e4sv\u00e4rd!! <br>Ulla Holmetun<br><br><br>Jag kan bara rekommendera &#8221;Bortr\u00e4knad&#8221;, din senaste bok. Den ber\u00f6rde mig mycket, eftersom jag har egen erfarenhet av mobbning. B\u00e5de personligen och andra som drabbats. Du har \u00e4n en g\u00e5ng lyckats som f\u00f6rfattare&nbsp;?? <br>Thord Sahlin<\/p>\n\n\n\n<p><br>Hejsan! L\u00e4ste ut din bok f\u00f6rra veckan,s\u00e5 bra, men s\u00e5 jobbig! Din b\u00e4sta!  <br>Nu l\u00e4ser Stig den o min kompis st\u00e5r p\u00e5 tur. Hon l\u00e4ste o gillade verkligen din f\u00f6rra bok!<br>Ha en fortsatt fin kv\u00e4ll.  <br>Ingrid Josephson 12\/11 2019<br><br>Har precis avslutat &#8221;Bortr\u00e4knad&#8221; \u00e5 boken \u00e4r, enligt mig, den b\u00e4sta Du skrivit. Kunde n\u00e4stan inte l\u00e4gga ifr\u00e5n mig den. Tog 3 n\u00e4tter att l\u00e4sa och slutet var inte det jag hoppades p\u00e5 men som \u00e4nd\u00e5 gjorde boken s\u00e5 l\u00e4sv\u00e4rd. Jag &#8221;skrek&#8221; hela tiden p\u00e5 revansch. Jag led med honom \u00e5 hans familj \u00e5 hans arbetskompisar. Blev s\u00e5 uppr\u00f6rd p\u00e5 ledningen \u00e5 fackets tama agerande. Blev s\u00e5 engagerad i handlingen att det gjorde ont i kroppen \u00f6ver or\u00e4ttvisorna. En helt igenom engagerande bok <br>Lillemor Rydow 4\/11 2019<\/p>\n\n\n\n<p><br>Tack f\u00f6r en mycket t\u00e4nkv\u00e4rd l\u00e4sning! Fick boken i g\u00e5r, l\u00e4ste klart den nu. S\u00e5 sorgligt,men ack s\u00e5 vanligt. Hur f\u00e5 slut p\u00e5 mobbing&#8230;S\u00e5 hemskt. T\u00e4nker p\u00e5 barn som kanske  inte har vuxna som st\u00f6d, n\u00e4r inte ens arbetsgivare eller facket kan hj\u00e4lpa. <br>Du har verkligen tagit pulsen p\u00e5 gemenheten. Nu ska jag andas och dricka en kopp te. Ha en fin helg <br>Ann Almgren 26\/10 2019<br><br><br>God morgon Torbj\u00f6rn. <br>Jag har l\u00e4st Bortr\u00e4knad och jag \u00e4r helt tagen av den! Gr\u00e4t ig\u00e5r n\u00e4r jag n\u00e4rmade mig slutet, innan jag visste hur det skulle g\u00e5, det v\u00e4ckte s\u00e5 starka k\u00e4nslor i mig! <br>Bara tanken p\u00e5 hur m\u00e5nga Magnus det finns omkring oss&#8230; Tack f\u00f6r att du skrev om ett s\u00e5 viktigt \u00e4mne! \u00d6nskar dig en h\u00e4rlig helg! Kram Eva <br>Eva Heikkinen 31\/10 2019<\/p>\n\n\n\n<p><\/p>\n","protected":false},"excerpt":{"rendered":"<p>Baksidestext Magnus tror sig \u00e4ntligen ha hamnat r\u00e4tt. Som nyutexaminerad journalist k\u00e4nns det som livet tagit en positiv v\u00e4ndning. Han har en \u00e4lskad hustru och en fantastisk son och nu v\u00e4ntar ett vikariat p\u00e5 Z\u00e4taCorren, lokaltidningen med stora ambitioner. Han&#8230;<\/p>\n","protected":false},"author":1,"featured_media":0,"parent":20,"menu_order":0,"comment_status":"closed","ping_status":"closed","template":"","meta":{"jetpack_post_was_ever_published":false,"footnotes":""},"class_list":["post-32","page","type-page","status-publish","hentry","no-post-thumbnail"],"jetpack_sharing_enabled":true,"_links":{"self":[{"href":"https:\/\/skrivovin.se\/index.php\/wp-json\/wp\/v2\/pages\/32","targetHints":{"allow":["GET"]}}],"collection":[{"href":"https:\/\/skrivovin.se\/index.php\/wp-json\/wp\/v2\/pages"}],"about":[{"href":"https:\/\/skrivovin.se\/index.php\/wp-json\/wp\/v2\/types\/page"}],"author":[{"embeddable":true,"href":"https:\/\/skrivovin.se\/index.php\/wp-json\/wp\/v2\/users\/1"}],"replies":[{"embeddable":true,"href":"https:\/\/skrivovin.se\/index.php\/wp-json\/wp\/v2\/comments?post=32"}],"version-history":[{"count":46,"href":"https:\/\/skrivovin.se\/index.php\/wp-json\/wp\/v2\/pages\/32\/revisions"}],"predecessor-version":[{"id":6833,"href":"https:\/\/skrivovin.se\/index.php\/wp-json\/wp\/v2\/pages\/32\/revisions\/6833"}],"up":[{"embeddable":true,"href":"https:\/\/skrivovin.se\/index.php\/wp-json\/wp\/v2\/pages\/20"}],"wp:attachment":[{"href":"https:\/\/skrivovin.se\/index.php\/wp-json\/wp\/v2\/media?parent=32"}],"curies":[{"name":"wp","href":"https:\/\/api.w.org\/{rel}","templated":true}]}}