{"id":28,"date":"2018-01-13T13:11:46","date_gmt":"2018-01-13T12:11:46","guid":{"rendered":"http:\/\/skrivovin.kurzawa.se\/?page_id=28"},"modified":"2024-09-25T16:00:40","modified_gmt":"2024-09-25T14:00:40","slug":"guldfeber","status":"publish","type":"page","link":"https:\/\/skrivovin.se\/index.php\/mitt-skrivande\/guldfeber\/","title":{"rendered":"Guldfeber"},"content":{"rendered":"<p>Utkom 2015-SLUTS\u00c5LD<img loading=\"lazy\" decoding=\"async\" class=\"alignright size-full wp-image-25\" src=\"http:\/\/skrivovin.se\/wp-content\/uploads\/2018\/01\/Omslag_Guldfeber.jpg\" alt=\"\" width=\"223\" height=\"365\" srcset=\"https:\/\/skrivovin.se\/wp-content\/uploads\/2018\/01\/Omslag_Guldfeber.jpg 223w, https:\/\/skrivovin.se\/wp-content\/uploads\/2018\/01\/Omslag_Guldfeber-183x300.jpg 183w\" sizes=\"auto, (max-width: 223px) 100vw, 223px\" \/><\/p>\n<p>Sverigebanken, en stor och rikst\u00e4ckande bank, bildades genom en sammanslagning av ett antal mindre banker.<br \/>\nDet har skett stora f\u00f6r\u00e4ndringar i bankv\u00e4rlden, men ledning och styrelse i Sverigebanken har mycket st\u00f6rre ambitioner \u00e4n att bara finnas inom landet. Banken ska bli stor \u00e4ven internationellt och det till vilket pris som helst.<\/p>\n<p>Kriminella ligor har ocks\u00e5 uppt\u00e4ckt vilken oro som stora f\u00f6r\u00e4ndringar kan medf\u00f6ra och utnyttjar detta h\u00e4nsynsl\u00f6st.<\/p>\n<p><a href=\"http:\/\/skrivovin.se\/index.php\/178-2\/\">L\u00e4s mera fr\u00e5n ett kapitel inne i boken<\/a> \u2026\u2026<\/p>\n<p>Best\u00e4ll bok\u2026..<br \/>\nPris 190:- Porto tillkommer<\/p>\n<p><strong>Recensioner och omd\u00f6men<br \/>\n<\/strong><\/p>\n<p>L\u00e4nstidningen 2015-12-06<\/p>\n<p>Bokrecension: En rafflande bankhistoria i j\u00e4mtl\u00e4ndska f\u00e4rger<\/p>\n<p>F\u00f6r fyra \u00e5r sedan debuterade f\u00f6rre banktj\u00e4nstemannen Torbj\u00f6rn Ohlsson i \u00d6stersund med romanen Girighet eller makt, som gav l\u00e4saren rafflande inblickar i den f\u00f6r allm\u00e4nheten ofta slutna bank- och finansv\u00e4rlden.<\/p>\n<p>Nu har han givit ut en frist\u00e5ende forts\u00e4ttning p\u00e5 de hisnande \u00e4ventyren i bank- och finanskretsar, nu med titeln Guldfeber.<\/p>\n<p>Efter ett l\u00e5ngt yrkesliv, som b\u00f6rjade med vanlig expeditionstj\u00e4nst och avslutades som s\u00e4kerhetschef i banken decennier senare, har Torbj\u00f6rn Ohlsson haft erfarenheter och upplevelser av det mer extraordin\u00e4ra slaget att utg\u00e5 ifr\u00e5n n\u00e4r han med lust och engagemang g\u00e5tt in i rollen som f\u00f6rfattare av sp\u00e4nningsromaner med banken som milj\u00f6 och intrigernas nav.<\/p>\n<p>I sin nya roman Guldfeber l\u00e5ter Torbj\u00f6rn Ohlsson h\u00e4ndelserna utspelas under ett f\u00f6r bankv\u00e4rlden mycket turbulent \u00e5rtionde, som i b\u00f6rjan av 90-talet startar med bankkris och h\u00e5rdf\u00f6ra fusioner. N\u00e4r mindre bankkontor l\u00e4ggs ner p\u00e5 l\u00f6pande band och stora personalneddragningar \u00e4ger rum, n\u00e4r Bankakuten inr\u00e4ttas, Telefonbanken och Internetbanken kommer till och n\u00e4r de riskfyllda satsningarna i Finland och Baltikum g\u00f6rs, liksom den olyckliga hanteringen av \u00e4garstiftelserna.<\/p>\n<p>Ja, det \u00e4r sannerligen ett turbulent \u00e5rtionde i bankv\u00e4rlden, som Torbj\u00f6rn Ohlsson skildrar, och klokt nog g\u00f6r han det fr\u00e5n flera olika utg\u00e5ngspunkter f\u00f6r att f\u00e5 liv och sp\u00e4nning i ber\u00e4ttelsen. Interi\u00f6rer fr\u00e5n den h\u00f6gsta bankledningens slutna rum och regionkontorens mer \u00f6ppna men konfrontationsladdade milj\u00f6er varvas med inblickar i de kriminella kretsar, d\u00e4r planer alltid smids p\u00e5 l\u00f6nsamma kupper och h\u00e4ftiga r\u00e5n.<\/p>\n<p>Torbj\u00f6rn Ohlsson laddar ocks\u00e5 sin ber\u00e4ttelse med ett f\u00e4rgstarkt och m\u00e5ngskiftande persongalleri med alltifr\u00e5n den mycket framg\u00e5ngsrika och skrupelfria bankchefen Gunilla Blom, som s\u00e4tter egna bonusar och f\u00f6rhandlingsframg\u00e5ngar f\u00f6re familjens v\u00e4l och ve, styrelseproffs med siktet inst\u00e4llt p\u00e5 expansion, regionchefer som f\u00e5r ta sm\u00e4llen n\u00e4r det ska sparas och personal avskedas, men ocks\u00e5 smarta bedragare och h\u00e5rdf\u00f6ra r\u00e5nare, som alla har det gemensamt, att de lider av guldfeber. F\u00f6rfattaren har under sitt yrkesliv i bankens tj\u00e4nst s\u00e4kert m\u00f6tt och upplevt dem alla.<\/p>\n<p>Genom att varva flera olikartade ber\u00e4ttelser kring samma tema om pengar och girighet h\u00f6jer Torbj\u00f6rn Ohlsson tempot i boken samtidigt som han befolkar ber\u00e4ttelsen med mycket profilstarka personer fr\u00e5n samh\u00e4llets topp till dess botten.<\/p>\n<p>Det finns mycket av j\u00e4mtl\u00e4ndsk-h\u00e4rjedalsk lokalf\u00e4rg i Torbj\u00f6rn Ohlssons roman, med interi\u00f6rer fr\u00e5n bankkontoret vid Stortorget och de sm\u00e5 lokalkontoren runt om i l\u00e4net. \u00c4ven den h\u00f6gsta bankchefen f\u00f6r Sverigebanken har ju sitt andningsh\u00e5l i l\u00e4net, n\u00e4mligen i Ramundberget, som hon titt som t\u00e4tt \u00e5terv\u00e4nder till f\u00f6r att samla kraft och planera vidare avancemang f\u00f6r banken och f\u00f6r sin egen personliga del.<\/p>\n<p>Att Torbj\u00f6rn Ohlsson kan den h\u00e4r milj\u00f6n med alla dess personer \u2013 h\u00f6jdare som fotfolk \u2013 \u00e4r helt uppenbart, och han kan ocks\u00e5 i detalj den bankhistoria som har g\u00e5tt fr\u00e5n kris och akutv\u00e5rd till rekordvinst och fantasibonusar. Liksom \u2013 i sin roll som s\u00e4kerhetschef \u2013 sm\u00e5busets och de smarta bedragarnas st\u00e4ndiga lockelse av bankv\u00e4rlden, fr\u00e5n minsta uttagsautomater till de tyngsta v\u00e4rdetransporter.<\/p>\n<p>Torbj\u00f6rn Ohlsson lyckas g\u00f6ra underh\u00e5llande l\u00e4sning av all denna guldfeber, som h\u00e4r i en mindre tegelsten p\u00e5 drygt 400 sidor.<\/p>\n<p>LO Rindberg<br \/>\nL\u00e4nstidningen<\/p>\n<p>* * * * * * * * * * *<\/p>\n<p>J\u00e4mtlandstidning 2015-10-23<\/p>\n<p>Torbj\u00f6rn Ohlssons andra roman<\/p>\n<p>Bankens skumraskaff\u00e4rer \u00e5ter i fokus i nya boken<\/p>\n<p>Vad har dom f\u00f6r sig inne i banken efter tre? S\u00e5 skaldade Hasse &amp;Tage p\u00e5 sin tid i en ber\u00f6md l\u00e5t. Svaret f\u00e5r vi av Torbj\u00f6rn Ohlsson som i sin andra roman forts\u00e4tter att ber\u00e4tta om vad som h\u00e4nder bakom en banks v\u00e4ggar. Den f\u00f6rsta romanen Girighet eller Makt f\u00f6ljs nu av Guldfeber.<\/p>\n<p>Torbj\u00f6rn Ohlsson \u00e4r bankmannen fr\u00e5n \u00d6stersund som n\u00e4r han blev pension\u00e4r ins\u00e5g att han hade mycket att ber\u00e4tta om sin tid inom bankv\u00e4sendet. Som s\u00e4kerhetschef inom Swedbank i m\u00e5nga \u00e5r fick han en unik inblick i arbetet bakom kulisserna p\u00e5 banken. Erfarenheter som legat till grund f\u00f6r hans tv\u00e5 romaner.<\/p>\n<p>\u2013 Man kan v\u00e4l s\u00e4ga att jag blandar verkliga h\u00e4ndelser med ren fantasi men i romanens form. Jag tror inte n\u00e5gon kan k\u00e4nna igen sig i mina b\u00f6cker, s\u00e4ger Torbj\u00f6rn.<\/p>\n<p>\u00c4ven om Torbj\u00f6rn har jobbat i m\u00e5nga \u00e5r i en bank tvingades han till mycket research n\u00e4r f\u00f6rsta boken skulle till. Han satt timtals p\u00e5 biblioteket och skummade massmedia i allt de skrivit om bankaff\u00e4rer de senaste 30 \u00e5ren.<\/p>\n<p>\u2013 Och det var mycket kan jag lova. Men en nyttig genomg\u00e5ng, jag ville ju att det jag skriver om ska ha en verklighetsbakgrund om \u00e4n i en fiktiv form, menar Torbj\u00f6rn.<\/p>\n<p>I den nya romanen l\u00e5ter han kriminella ligor komma med i handlingen, \u00e4ven om han inte vill kalla boken f\u00f6r en kriminalroman.<\/p>\n<p>\u2013 Nej, det \u00e4r mer en sk\u00f6nlitter\u00e4r bok med vissa kriminella inslag, f\u00f6rklarar han och skrattar.<\/p>\n<p>Den f\u00f6rsta romanen har f\u00e5tt ett bra mottagande av b\u00e5de l\u00e4sare och recensenter. Den trycktes i ett par tusen exemplar och gavs ut av ett lokalt bokf\u00f6rlag som har har lagts ner.<\/p>\n<p>\u2013 Den nya boken har jag bekostat tryckningen sj\u00e4lv av. Att komma in och kunna ge ut boken via de stora, etablerade f\u00f6rlagen \u00e4r inget man hoppas p\u00e5, menar Torbj\u00f6rn.<\/p>\n<p>\u2013 B\u00f6ckerna s\u00e4ljs via bokhandlarna i \u00d6stersund och via andra st\u00e4llen ute i l\u00e4net.<\/p>\n<p>Att skriva kr\u00e4ver diciplin och det har Torbj\u00f6rn, s\u00e4ger han. Tv\u00e5, tre timmar varje f\u00f6rmiddag \u00e4gnar han \u00e5t skrivandet och d\u00e5 vill han ha lugn och ro. Inte ens hustrun Kristina f\u00e5r st\u00f6ra d\u00e4r han sitter i sin skrivarvr\u00e5 och knackar p\u00e5 datorn. Hur m\u00e5nga timmar han har lagt ner p\u00e5 varje bok vill han inte ens t\u00e4nka p\u00e5.<\/p>\n<p>\u2013 Nej, men det \u00e4r kopi\u00f6st med tid, s\u00e4ger han och skrattar.<\/p>\n<p>Men skrivandet \u00e4r roligt, inte \u00e5ngestframkallande, utan lustfyllt.<\/p>\n<p>\u2013 Kan jag av olika anledningar inte skriva en dag s\u00e5 f\u00f6r jag n\u00e4stan abstinensbesv\u00e4r.<\/p>\n<p>Och skriva kommer Torbj\u00f6rn Ohlsson forts\u00e4tta att g\u00f6ra. Han har m\u00e5nga nya uppslag till b\u00f6cker och han lovar att forts\u00e4tta som medarbetare i JT n\u00e4r han har tid och lust.<\/p>\n<p>Fotnot:<\/p>\n<p>Hasse &amp; Tages ber\u00f6mda l\u00e5t har den h\u00e4r refr\u00e4ngen:<\/p>\n<p>\u201dVa i helvete har dom f\u00f6r sig i banken efter tre<\/p>\n<p>G\u00f6r dom kanske n\u00e5t som allm\u00e4nheten int borde se<\/p>\n<p>Sitter dom och stoppar pengar i sin egen portmonn\u00e4<\/p>\n<p>Vad i helvete har dom f\u00f6r sig in i banken efter tre\u201d<\/p>\n<p>Jan Engstr\u00f6m<br \/>\nJ\u00e4mtlandstidning<\/p>\n<p>* * * * * * * * * * *<\/p>\n<p>100 % \u00d6stersund<\/p>\n<p>2015-10-28<\/p>\n<p>S\u00e5 gick det till n\u00e4r s\u00e4kerhetschefen blev f\u00f6rfattare<\/p>\n<p>Efter ett helt arbetsliv i bankv\u00e4rlden, varav de sista 17 \u00e5ren som s\u00e4kerhetschef, var det inte helt otippat att Torbj\u00f6rn Ohlssons f\u00f6rsta roman skulle handla om just bankv\u00e4rlden och kriminalitet. Nu \u00e4r hans andra roman h\u00e4r och han kan \u00e4ntligen titulera sig f\u00f6rfattare.<\/p>\n<p>\u2013 Det s\u00e4gs ju att man ska ge ut tv\u00e5 b\u00f6cker innan man f\u00e5r kalla sig f\u00f6rfattare, s\u00e4ger Torbj\u00f6rn och skrattar.<\/p>\n<p>Han sitter vid matbordet i l\u00e4genheten p\u00e5 Fr\u00f6s\u00f6n. Utanf\u00f6r skiner solen p\u00e5 h\u00f6stf\u00e4rgade l\u00f6v och luften \u00e4r krispig och klar.<\/p>\n<p>\u2013 Nu \u00e4r det b\u00e4sta tiden att vara i fj\u00e4llen, s\u00e4ger han och syftar p\u00e5 stugan i Gr\u00e4ft\u00e5vallen d\u00e4r han och frun Kristina spenderar ungef\u00e4r h\u00e4lften av tiden.<\/p>\n<p>Det var \u00e4ven d\u00e4r som f\u00f6rsta tanken om en roman f\u00f6ddes i slutet av 90-talet.<\/p>\n<p>\u2013 Jag kom p\u00e5 att jag skulle skriva n\u00e4r jag var ute p\u00e5 en fj\u00e4llvandring. Jag l\u00e5g och tittade p\u00e5 en fj\u00e4lltopp och best\u00e4mde att jag skulle skriva en roman, f\u00f6rklarar Torbj\u00f6rn.<\/p>\n<p>Arbetsplatsen blev den st\u00f6rsta inspirationsk\u00e4llan till den kommande romanen. I jobbet som s\u00e4kerhetschef p\u00e5 Swedbank st\u00f6tte han p\u00e5 b\u00e5de bankr\u00e5n, bedr\u00e4gerier, spr\u00e4ngda bankomater och annan kriminalitet.<\/p>\n<p>\u2013 Jag var polisens kontaktperson n\u00e4r det skedde n\u00e5got. Jag fick \u00e4ven komma och st\u00f6tta personal som varit med om bankr\u00e5n och fick ibland \u00e4ven tr\u00e4ffa f\u00f6r\u00f6varna i bland, s\u00e4ger Torbj\u00f6rn.<\/p>\n<p>Han b\u00f6rjade samla p\u00e5 sig material som kunde t\u00e4nkas passa i boken, men det var f\u00f6rst sex \u2013 sju \u00e5r senare som han b\u00f6rjade skriva. F\u00f6rst blev det bara korta avsnitt och id\u00e9er, men s\u00e5 fort han gick i pension 2008 blev det p\u00e5 heltid. D\u00e5 uppt\u00e4ckte han \u00e4ven att materialet han samlat p\u00e5 sig var p\u00e5 tok f\u00f6r lite f\u00f6r att skriva en hel roman och det var bara b\u00f6rja leta fram mer.<\/p>\n<p>\u2013 Jag gick igenom gamla tidningar, vissa s\u00e5 gamla som 40-50 \u00e5r tillbaka i tiden. Jag noterade allt som jag kunde t\u00e4nkas ha med i boken. Och det blev kopi\u00f6sa m\u00e4ngder material, s\u00e4ger Torbj\u00f6rn och skrattar.<\/p>\n<p>Han \u00e5kte till stugan och skrev och skrev, men efter ett halv\u00e5r kom en svacka.<\/p>\n<p>\u2013 Jag tyckte att det k\u00e4ndes torrt och tr\u00e5kigt och bad min hustru att l\u00e4sa igenom. Hon sa att det bara var en massa fakta uppradat. D\u00e5 s\u00f6kte jag en skrivarkurs, s\u00e4ger Torbj\u00f6rn.<\/p>\n<p>En kurs blev till tv\u00e5 och skrivandet tog fart igen.<\/p>\n<p>\u2013 Det var en helt ny upplevelse f\u00f6r mig. Jag var som i en bubbla efter kurserna, s\u00e4ger Torbj\u00f6rn och skrattar.<\/p>\n<p>2011 kom f\u00f6rsta romanen \u201dGirighet eller makt \u2013 ett r\u00e4vspel i bankv\u00e4rlden\u201d och f\u00f6r en vecka sedan kom uppf\u00f6ljaren \u201dGuldfeber\u201d.<\/p>\n<p>Den f\u00f6rsta romanen blev \u00e4ven en dansf\u00f6rest\u00e4llning som sattes upp av Wendlas dansstudio. En f\u00f6rest\u00e4llning som blev s\u00e5 lyckad att han fick en f\u00f6rfr\u00e5gan om att skriva ytterligare en, men d\u00e5 fick han l\u00e4mna bankv\u00e4rlden.<\/p>\n<p>\u2013 De ville att den skulle handla om en ton\u00e5rstjej med trasiga hemf\u00f6rh\u00e5llanden, droger, sj\u00e4lvskadebeteende och h\u00e5rdrock, s\u00e4ger Torbj\u00f6rn.<\/p>\n<p>Den dansf\u00f6rest\u00e4llningen ligger nu som ett f\u00e4rdigt bokmanus i datorn.<\/p>\n<p>Faktauppgifter<\/p>\n<p>Torbj\u00f6rn Ohlsson<br \/>\nFamilj: Frun Kristina, tv\u00e5 barn och fem barnbarn.<br \/>\nG\u00f6r: Blev f\u00f6rfattare som pension\u00e4r och \u00e4r engagerad i flera f\u00f6reningar.<br \/>\nIntressen: Skriva b\u00f6cker, blogga, prova vin, fj\u00e4llvandra och ta hand om fj\u00e4llstugan.<\/p>\n<p>P\u00e5 g\u00e5ng: Sl\u00e4ppte precis sin andra roman \u201dGuldfeber\u201d och om ett \u00e5r sl\u00e4pps en novellantologi om J\u00e4mtland d\u00e4r Torbj\u00f6rn har skrivit en novell.<\/p>\n<p>Anna-Karin Pernevill<br \/>\n100 % \u00d6stersund<\/p>\n<p>* * * * * * * * * * *<\/p>\n<p>\u00d6stersundsposten<\/p>\n<p>2015-11-01<\/p>\n<p>Guldfeber n\u00e4r bankv\u00e4rlden \u00f6ppnas upp<\/p>\n<p>Under m\u00e5nga \u00e5r arbetade Torbj\u00f6rn Ohlsson i bankbranschen, n\u00e5got som gav honom insyn och m\u00e5nga historier att ber\u00e4tta vidare.<\/p>\n<p>Efter pensionering satte han sig och b\u00f6rjade skriva och 2011 sl\u00e4pptes den f\u00f6rsta romanen \u201dGirighet eller makt \u2013 spelet i bankv\u00e4rlden\u201d (FB F\u00f6rlag).<\/p>\n<p>F\u00f6rra veckan var det release f\u00f6r uppf\u00f6ljaren \u201dGuldfeber\u201d som ges ut p\u00e5 eget f\u00f6rlag.<\/p>\n<p>\u2013 I den f\u00f6rsta boken f\u00f6ljer vi det lilla bankkontoret med stora ambitioner, de vill komma in och verka i en stor bank. Det p\u00e5g\u00e5r en del kriminalitet och bedr\u00e4gerier, ber\u00e4ttar Torbj\u00f6rn Ohlsson.<\/p>\n<p>\u2013 I \u201dGuldfeber\u201d har n\u00e5gra f\u00e5 personer fr\u00e5n f\u00f6rsta boken f\u00e5tt f\u00f6lja med. Handlingen \u00e4r sp\u00e4nnande, med tungt kriminella g\u00e4ng, s\u00e4ger Torbj\u00f6rn Ohlsson, men menar att boken inte \u00e4r en deckare.<\/p>\n<p>\u2013 Jag kallar det f\u00f6r ett sk\u00f6nlitter\u00e4rt f\u00f6rs\u00f6k. Det finns verklighetsbitar i handlingen, men mycket bygger p\u00e5 vad massmedia har skrivit om banker och kriminalitet.<\/p>\n<p>Efter att den f\u00f6rsta romanen hade sl\u00e4ppts tog Torbj\u00f6rn Ohlsson kontakt med Wendla Karlsson p\u00e5 Wendlas dansstudio.<\/p>\n<p>\u2013 Jag s\u00e5g en f\u00f6rest\u00e4llning med Cullbergbaletten och t\u00e4nkte att handlingen i min bok skulle kunna fungera som dansteater.<\/p>\n<p>Wendla Karlsson nappade och f\u00f6rest\u00e4llningen \u201dGirighet eller makt\u201d sattes upp 2012. Efter det har det blivit fler samarbeten.<\/p>\n<p>\u2013 Wendla bad mig skriva en ber\u00e4ttelse om en ton\u00e5rsflicka som de sedan gjorde en dansf\u00f6rest\u00e4llning av. Den fick mycket uppm\u00e4rksamhet, s\u00e4ger Torbj\u00f6rn Ohlsson.<\/p>\n<p>F\u00f6rra veckan var det boksl\u00e4pp f\u00f6r \u201dGuldfeber\u201d i Hammarstrand och n\u00e5gra f\u00f6rfr\u00e5gningar har kommit in att ber\u00e4tta om boken.<\/p>\n<p>\u2013 Jag \u00e4r med i en J\u00e4mtlandsantologi d\u00e4r flera f\u00f6rfattare skriver varsin novell med handling fr\u00e5n J\u00e4mtland. Den sl\u00e4pps f\u00f6rhoppningsvis n\u00e4sta \u00e5r.<\/p>\n<p>\u2013 Jag har ytterligare en roman att skriva som har legat till sig flera \u00e5r. Men banken f\u00e5r vara avklarad nu.<\/p>\n<p>Susanna Carlsson<br \/>\n\u00d6stersundsposten<\/p>\n<p>Varianter av denna artikel har funnits \u00e4ven i Dalarna Tidning, G\u00e4vle Dagblad och Sundsvallstidning<\/p>\n<p>* * * * * * * * * * *<\/p>\n<p>Hej Torbj\u00f6rn och tack f\u00f6r h\u00e4rlig l\u00e4sning !<\/p>\n<p>L\u00e4ttl\u00e4st, sp\u00e4nnande och intressant, imponerande. K\u00e4nde igen h\u00e4ndelser s\u00e5 minnen kom tillbaka.<\/p>\n<p>V\u00e4ntar nu p\u00e5 forts\u00e4ttning, f\u00f6r det blir en s\u00e5dan eftersom n\u00e5gra \u00e5r och h\u00e4ndelser finns kvar att ber\u00e4tta. Ha det!<\/p>\n<p>G\u00f6the Runesson<\/p>\n<p>* * * * * * * * * * *<\/p>\n<p>Guld, guld, guld\u2026pengar, pengar, money is what makes the world go round.<\/p>\n<p>Inget nytt under solen p\u00e5 s\u00e5 vis. Sp\u00e4nningen stiger\u2026du har hittat ett ber\u00e4ttars\u00e4tt som h\u00e5ller kvar l\u00e4saren\u2026Torbj\u00f6rn Ohlsson. Wow\u2026 Hur ska det sluta? Och Agneta\u2026min namne \u2013 ingen schysst tjej\u2026<\/p>\n<p>Agneta Gunneling Geijer<\/p>\n<p>* * * * * * * * * * *<\/p>\n<p>Hej Torbj\u00f6rn !<\/p>\n<p>Tack f\u00f6r n\u00f6jsam l\u00e4sning! Det k\u00e4nns v\u00e4ldigt l\u00e4ngesen vi \u00e5kte mitt i natten till spr\u00e4ngda automater och p\u00e5 fredageftermiddagar till r\u00e5nade kontor. D\u00e5 var det inte kul, men nu \u00e4r det faktiskt nostalgiskt. F\u00f6r att inte tala om penningtv\u00e4tten. Vi hade det ganska enkelt j\u00e4mf\u00f6rt med idag. Var det b\u00e4ttre f\u00f6rr eller var det vi som var b\u00e4ttre f\u00f6rr?<\/p>\n<p>Lev v\u00e4l! \/\/Bj\u00f6rn Staberg<\/p>\n<p>* * * * * * * * * * *<\/p>\n<p><strong>\u00a0<\/strong><\/p>\n","protected":false},"excerpt":{"rendered":"<p>Utkom 2015-SLUTS\u00c5LD Sverigebanken, en stor och rikst\u00e4ckande bank, bildades genom en sammanslagning av ett antal mindre banker. Det har skett stora f\u00f6r\u00e4ndringar i bankv\u00e4rlden, men ledning och styrelse i Sverigebanken har mycket st\u00f6rre ambitioner \u00e4n att bara finnas inom landet&#8230;.<\/p>\n","protected":false},"author":1,"featured_media":0,"parent":20,"menu_order":0,"comment_status":"closed","ping_status":"closed","template":"","meta":{"jetpack_post_was_ever_published":false,"footnotes":""},"class_list":["post-28","page","type-page","status-publish","hentry","no-post-thumbnail"],"jetpack_sharing_enabled":true,"_links":{"self":[{"href":"https:\/\/skrivovin.se\/index.php\/wp-json\/wp\/v2\/pages\/28","targetHints":{"allow":["GET"]}}],"collection":[{"href":"https:\/\/skrivovin.se\/index.php\/wp-json\/wp\/v2\/pages"}],"about":[{"href":"https:\/\/skrivovin.se\/index.php\/wp-json\/wp\/v2\/types\/page"}],"author":[{"embeddable":true,"href":"https:\/\/skrivovin.se\/index.php\/wp-json\/wp\/v2\/users\/1"}],"replies":[{"embeddable":true,"href":"https:\/\/skrivovin.se\/index.php\/wp-json\/wp\/v2\/comments?post=28"}],"version-history":[{"count":10,"href":"https:\/\/skrivovin.se\/index.php\/wp-json\/wp\/v2\/pages\/28\/revisions"}],"predecessor-version":[{"id":6835,"href":"https:\/\/skrivovin.se\/index.php\/wp-json\/wp\/v2\/pages\/28\/revisions\/6835"}],"up":[{"embeddable":true,"href":"https:\/\/skrivovin.se\/index.php\/wp-json\/wp\/v2\/pages\/20"}],"wp:attachment":[{"href":"https:\/\/skrivovin.se\/index.php\/wp-json\/wp\/v2\/media?parent=28"}],"curies":[{"name":"wp","href":"https:\/\/api.w.org\/{rel}","templated":true}]}}