{"id":2740,"date":"2020-01-22T20:41:54","date_gmt":"2020-01-22T19:41:54","guid":{"rendered":"https:\/\/skrivovin.se\/?page_id=2740"},"modified":"2020-01-22T20:41:54","modified_gmt":"2020-01-22T19:41:54","slug":"melankoli","status":"publish","type":"page","link":"https:\/\/skrivovin.se\/index.php\/melankoli\/","title":{"rendered":"Melankoli"},"content":{"rendered":"\n<p><br><strong>Brytningstid<\/strong><br>Brytningstid och megatrender<br>\u00d6versv\u00e4mningar och j\u00e4ttebr\u00e4nder<\/p>\n\n\n\n<p>Digitalt, vi \u00f6vervakas globalt<br>Och globalt skapas pengar digitalt<br>Varje knapptryck och varje krona sp\u00e5ras<br>F\u00f6rtryckaren, jublar \u00f6ver den framtid som v\u00e5ras<\/p>\n\n\n\n<p>Ideologier \u00e4ndras varje vecka<br>N\u00e4r Svensson sin granne ska avskr\u00e4cka<br>Stefan och Uffe tappar st\u00e4ndigt mark<br>Jimmy blir utan egen f\u00f6rskyllan stark<\/p>\n\n\n\n<p>Jag gillar inte det jag ser och h\u00f6r<br>F\u00f6rakt f\u00f6r kunskap och Ekerots gl\u00e4dje n\u00e4r folk d\u00f6r<br><br>Finns det verkligen inget hopp f\u00f6r v\u00e4rlden<br>N\u00e5gon motvikt till den ytliga fl\u00e4rden<br>N\u00e5gon som ser till m\u00e4nskliga v\u00e4rden<br>N\u00e5gon som ej alltid slipar p\u00e5 sv\u00e4rden<\/p>\n","protected":false},"excerpt":{"rendered":"<p>BrytningstidBrytningstid och megatrender\u00d6versv\u00e4mningar och j\u00e4ttebr\u00e4nder Digitalt, vi \u00f6vervakas globaltOch globalt skapas pengar digitaltVarje knapptryck och varje krona sp\u00e5rasF\u00f6rtryckaren, jublar \u00f6ver den framtid som v\u00e5ras Ideologier \u00e4ndras varje veckaN\u00e4r Svensson sin granne ska avskr\u00e4ckaStefan och Uffe tappar st\u00e4ndigt markJimmy blir utan&#8230;<\/p>\n","protected":false},"author":2,"featured_media":0,"parent":0,"menu_order":0,"comment_status":"closed","ping_status":"closed","template":"","meta":{"jetpack_post_was_ever_published":false,"footnotes":""},"class_list":["post-2740","page","type-page","status-publish","hentry","no-post-thumbnail"],"jetpack_sharing_enabled":true,"_links":{"self":[{"href":"https:\/\/skrivovin.se\/index.php\/wp-json\/wp\/v2\/pages\/2740","targetHints":{"allow":["GET"]}}],"collection":[{"href":"https:\/\/skrivovin.se\/index.php\/wp-json\/wp\/v2\/pages"}],"about":[{"href":"https:\/\/skrivovin.se\/index.php\/wp-json\/wp\/v2\/types\/page"}],"author":[{"embeddable":true,"href":"https:\/\/skrivovin.se\/index.php\/wp-json\/wp\/v2\/users\/2"}],"replies":[{"embeddable":true,"href":"https:\/\/skrivovin.se\/index.php\/wp-json\/wp\/v2\/comments?post=2740"}],"version-history":[{"count":2,"href":"https:\/\/skrivovin.se\/index.php\/wp-json\/wp\/v2\/pages\/2740\/revisions"}],"predecessor-version":[{"id":2742,"href":"https:\/\/skrivovin.se\/index.php\/wp-json\/wp\/v2\/pages\/2740\/revisions\/2742"}],"wp:attachment":[{"href":"https:\/\/skrivovin.se\/index.php\/wp-json\/wp\/v2\/media?parent=2740"}],"curies":[{"name":"wp","href":"https:\/\/api.w.org\/{rel}","templated":true}]}}