{"id":2718,"date":"2020-01-08T10:06:53","date_gmt":"2020-01-08T09:06:53","guid":{"rendered":"https:\/\/skrivovin.se\/?page_id=2718"},"modified":"2021-01-29T14:45:44","modified_gmt":"2021-01-29T13:45:44","slug":"dagsverser-2020","status":"publish","type":"page","link":"https:\/\/skrivovin.se\/index.php\/dagsverser-2020\/","title":{"rendered":"Dagsverser 2020"},"content":{"rendered":"\n<p><br><strong>2020-12 Vaccin<\/strong><br>Veckans modeord \u00e4r vaccin<br>N\u00e5got som vissa betraktar med ett elakt flin<br>Medan andra ser fram emot Astrazenecas vaccin<br>Som en munsk\u00e4nk som doftar p\u00e5 ett \u00e4delt vin<br><br>Kommer jag mot viruset att orka g\u00f6ra motst\u00e5nd<br>Eller tappar jag mitt lilla kvarvarande f\u00f6rst\u00e5nd<br>Vaknar jag en morgon och pratar flytande ryska<br>N\u00e4r Pfizer hade programmerat mig f\u00f6r tyska.<\/p>\n\n\n\n<p><strong>2020-12 Covid och andra funderingar<\/strong><br>Verkligen en ny tid<br>Allt handlar bara om covid<br>Ingen pratar l\u00e4ngre om v\u00e4der och vind<br>Ingen kommer fram och kramar din kind<br><br>Nu g\u00e4ller avst\u00e5nd p\u00e5 meter tv\u00e5<br>Annars stanna hemma i din lugna vr\u00e5<br>Inget i tillvaron \u00e4r best\u00e5ende<br>N\u00e4r ett osynligt virus blir din fiende<br><br>Hustrun pusslar och jag skriver rim<br>\u00c4ven om orden k\u00e4nns sitta i lim<br>Men agera nu inte som en avsatt president<br>Utan inv\u00e4nta och fira en lugn andra advent.<\/p>\n\n\n\n<p><br><strong>2020-11 En stad i chock<\/strong><br>Fr\u00e5n hemmaplan kommer veckans fundering<br>om en f\u00f6r mig helt ok\u00e4nd v\u00e4rdering<br>Ett helt nytt ansikte visar begreppet omutbar<br>Och ett d\u00e4r intern sekretess inte \u00e4r oantastbar<br><br>En stad i chock n\u00e4r \u00e5klagaren b\u00f6rjat grotta<br>I handlingar som \u00e4r l\u00e5nga och ibland helt borta<br>Likt Raskenstam, den omutbare hittade en blotta<br>Fick information morgon efter styrelsem\u00f6tet, klockan \u00e5tta<br><br>Om vad som \u00e4r v\u00e4rst i denna o\u00e4ndliga smet <br>\u00c4r det att bolagsinformation ej l\u00e4ngre \u00e4r hemlighet <br>Eller \u00e4r det den omutbares jublande svans<br>D\u00e4r m\u00e5nga verkat hamnat i total obalans.<\/p>\n\n\n\n<p><strong>2020-11 F\u00f6rklaring av begr\u00e4nsningar<\/strong><br>Vill hj\u00e4lpa dig att f\u00f6rklara veckans fr\u00e5ga&#8230;..<br>Oklart om trehundra, femtio eller \u00e5tta<br>Tror att man instruktionerna b\u00f6rjat lotta<br>Eller g\u00e4ller \u00e5tta efter sju<br>Om du passar p\u00e5 just nu<br><br>Men f\u00f6r alla som \u00e4r under trettio<br>\u00c4r v\u00e4l fortfarande regeln femtio<br>Trehundra g\u00e4ller om avst\u00e5nd du undra <br>Och du svettiga fotbollsspelare ska beundra<br><br>Men trehundra f\u00f6rsvinner tisdag tjugofyra<br>F\u00f6r d\u00e5 g\u00e4ller det att man bara \u00e5tta f\u00e5r styra<br>Men kom ih\u00e5g att allt \u00e4r enkelt och glasklart<br>Och att p\u00e5 tisdag kan \u00e5tta bli f\u00f6rhandlingsbart<br>Men bara om du \u00e4r Requiems g\u00e4st<br>Och sessionen leds av f\u00f6rsamlingens pr\u00e4st<\/p>\n\n\n\n<p><br><br><strong>2020-10 Med Asti p\u00e5 fj\u00e4llet<\/strong><br>Denna vecka har inneburit fokus p\u00e5 hund<br>Och p\u00e5 dagens \u201dFliggetvandring\u201d vi snackade en stund.<br><br>Asti inleder, men inget om katter<br>Utan helt tidsenligt f\u00e5r det handla om skatter<br>T\u00e4nk dig hundskatt vilket j\u00e4kla sk\u00e4mt<br>Tror att n\u00e5gon en spade i huvet p\u00e5 finansministern dr\u00e4mt<br><br>\u201dVa, fan f\u00e5r jag f\u00f6r pengarna\u201d sa en viss person<br>Byggs visst hundtoaletter i stan med guldbron<br>Men p\u00e5 fj\u00e4llet ingen toa s\u00e5 l\u00e5ngt \u00f6gat kan n\u00e5 <br>\u00c4nd\u00e5 sp\u00e5rar vi fram dem, n\u00e4r de i dimman vilse g\u00e5<br><br>Vi sp\u00e5rar knark, dynamit och d\u00f6da gubbar<br>Smuggelsprit som skulle bli kr\u00e4ft och sillens nubbar<br>Kanh\u00e4nda vi strejkar och nosen s\u00e4tter i det bl\u00e5<br>Om en drill p\u00e5 fj\u00e4llet noteras i statistik fr\u00e5n Br\u00e5<\/p>\n\n\n\n<p><br><br><strong>2020-09 Aktuellt i September<\/strong><br>Veckans besked g\u00f6r att tanken g\u00e5r till en berusad finne<br>Som undrar om han \u00e4r ute eller fortfarande inne<br>Att just st\u00e4nga eller \u00f6ppna kanske ligger i hans blod <br>Och n\u00e5got h\u00e4nder n\u00e4r han passerar Torne flod<br><br>H\u00e4r hemma avsl\u00f6jas Oskar som en redig rasse<br>Verkar som han placerat tankeapparaten i en ICA-kasse<br>Minns inte n\u00e4r han skrattade och sparkade p\u00e5 djur<br>Han var ju inte d\u00e4r p\u00e5 riktigt, hade bara en j\u00e4kla otur<br><br>Men vinner g\u00f6r som vanligt v\u00e5r charm\u00f6r i v\u00e4st<br>Ni vet, han som i alla teve-tal vet b\u00e4st<br>Att han skulle f\u00f6rlora kommande val<br>\u00c4r ot\u00e4nkbart bara alla g\u00f6r r\u00e4tt val<br>Och om alla ej r\u00f6star p\u00e5 denne herr Trumph<br>F\u00f6rlorar han \u00e4nd\u00e5 inte, d\u00e5 \u00e4r det ren slump<br>D\u00e5 \u00e4r det fiffel och b\u00e5g av s\u00e4llan sk\u00e5dat format<br>Orsakat av hans skumma polare, herr Putin kamrat<\/p>\n\n\n\n<p><br><strong>2020-09 11 September<\/strong><br>11 september<br>Finland \u00f6ppnar, Norge st\u00e4nger<br>Pandemin g\u00f6r trots allt s\u00e5 att det sv\u00e4nger<br>Myskoxen Brutus vandrar och s\u00f6ker<br>Och en och annan Myrvikenbo bes\u00f6ker<br><br>September elva, en dag m\u00e5nga minns<br>Om el\u00e4nde och terror, rubriker \u00e5terfinns<br>Sj\u00e4lv minns jag dystert n\u00e4r huvudklenoden<br>Gr\u00f6n hatt nummer tv\u00e5, bl\u00e5ste ner i Volgafloden<\/p>\n\n\n\n<p><br><strong>2020-08 Sensommarfunderingar<\/strong><br>En vecka d\u00e4r jag l\u00e4rt om mod och godhet<br>Och att utveckla sig sj\u00e4lv, till en stark personlighet<br><br>P\u00e5 n\u00e4tet stormar det om avst\u00e5nd och ansiktsmask<br>Men jag k\u00e4nner mera f\u00f6r choklad och kaffekask<br><br>Ocks\u00e5 en vecka fylld med ord och narcissism<br>Om skulder och vara utblottad intill absurdism<br>Att trassla in sig i sin egen f\u00f6rtr\u00e4fflighet<br>Kan vrida p\u00e5 sanningen, fr\u00e5n dj\u00e4rvhet till dumhet <br><br>Och sommaren har nu n\u00e5tt sin b\u00e4sta fas<br>Ljumma kv\u00e4llen m\u00f6rknar och du har en sval Chablis i ditt glas<\/p>\n\n\n\n<p><br><br><strong>2020-07 L\u00e5ngtidsbudget och EU-toppm\u00f6te<\/strong><br>S\u00e5 har det h\u00e4nt det som var s\u00e5 v\u00e4ntat<br>Alla tjugosju i Bryssel, segrade som f\u00f6rv\u00e4ntat<br>Men i segern k\u00e4nns en bitter doft av gruff<br>N\u00e4r historiska \u00e5tg\u00e4rder \u00e4r v\u00e4ldigt mycket bluff<\/p>\n\n\n\n<p>Man sa sig vilja skydda oss mot koronan<br>N\u00e4r man i sj\u00e4lva verket ville \u00e5t kronan<br>N\u00e4r euron var p\u00e5 v\u00e4g mot kollaps s\u00e5 pinsam<br>Skickas b\u00f6rdan till n\u00e4sta generation, helt utan skam<\/p>\n\n\n\n<p><br><strong>2020-07 Norrland och Lofoten<\/strong><br>En vanlig vecka i v\u00e5rt kungad\u00f6me<br>D\u00e4r jag inte DN vill ber\u00f6m ge<br>Blandar Norrland med Lofoten<br>Norrland, som m\u00e5nga f\u00e5tt om bakfoten<br>Vore trevligt att dig DN-redakt\u00f6r, h\u00e4r f\u00e5 se<br>och visa att Lofoten ligger i landet breve\u2026<\/p>\n\n\n\n<p><\/p>\n\n\n\n<p><br><strong>2020-07 Regemente i \u00d6stersund<\/strong><br>P\u00e5 nytt ska i \u00d6stersund ljuda \u201dgiv akt\u201d<br>Officerare ska bli vuxna personers barnvakt<br>Gl\u00e4djen bland politiker man tydligt ser<br>Man f\u00e5r hyresg\u00e4ster i Grytans tomma lokaler<br>Utbildning p\u00e5 h\u00f6g niv\u00e5 ska fl\u00f6da<br>N\u00e4r man en medm\u00e4nniska ska l\u00e4ra sig d\u00f6da<\/p>\n\n\n\n<p><br><strong>2020-05 Corona och restriktioner<\/strong><br>En lugn vecka snart till \u00e4nda<br>Trots virus p\u00e5 var persons agenda<br>Om d\u00f6dstal och smitta han kan, han Tegnellen<br>\u00c4nd\u00e5 os\u00e4ker om han hittar hit till fj\u00e4llen<br>M\u00e5nga lider denna tid av pollen<br>Men v\u00e4rst verkar de va, f\u00f6r de som ej f\u00e5r sparka p\u00e5 bollen<br><br><strong>2020-05 Utan publik<\/strong><br>Hav tr\u00f6st k\u00e4ra idrottare som m\u00e5ste spela utan publik<br>Och bara lyssna p\u00e5 arenans ensliga och \u00f6de akustik<br>Men livet g\u00e5r vidare och ni f\u00e5r hj\u00e4lp av god journalistik<br>Jag vet hur det k\u00e4nns f\u00f6r jag har alltid idrottat utan publik<br><br> <strong>2020-04 Aprilst\u00e4mning<\/strong><br>Fr\u00e5n sol till sn\u00f6 och sedan sol<br>\u00c4nd\u00e5 \u00e4r april inte samma som ifjol<br>Tystnaden som r\u00e5der k\u00e4nns \u00f6desm\u00e4ttad<br>\u00c4ven om vissa f\u00f6rs\u00f6k g\u00f6rs att f\u00e5 den gl\u00e4ttad<br><br>Kanske en viss sinnesst\u00e4mning g\u00f6r sig p\u00e5mind<br>N\u00e4r vintern snart rasar ut, blir en mental motvind<br>Som vanligt vinner Trump veckans l\u00f6psedel<br>N\u00e4r han i sjuka vill injicera desinfektionsmedel<\/p>\n\n\n\n<p><strong>2020-03 Ode till toarullen<\/strong><br>(Kan sjungas p\u00e5 melodin &#8221;Blinka lilla stj\u00e4rna&#8221;<br>Toarullen vit och fin<br>Blivit guld f\u00f6r industrin<br>T\u00e4nk den tid n\u00e4r allt var slit<br>Hur du torka mycket skit<br>J\u00e4mf\u00f6rs nu med \u00e4delsten<br>Eller skaft av elfenben <\/p>\n\n\n\n<p><strong>2020-01 Trump, Iran, Zlatan och vinter<\/strong><br><a>\u00c5r 2020 inleddes med en sm\u00e4ll<br>Trump har f\u00f6rklarat att det \u00e4r f\u00f6r att han \u00e4r sn\u00e4ll<br>P\u00e5st\u00e5r sig vara freds\u00e4ngeln med tillg\u00e5ng till attackplan<br>Vill ju krama alla, \u00e4ven de som kommer fr\u00e5n Iran. <\/a><\/p>\n\n\n\n<p>Ungerns invandrade Ekroth har i vanlig v\u00e4nlig ton<br>Gett \u00f6vriga v\u00e4rlden en lysande lektion<br>Att man osvensk \u00e4r i J\u00f6nk\u00f6ping<br>han m\u00e5ste sj\u00e4lv utvandrat fr\u00e5n Gr\u00f6nk\u00f6ping<\/p>\n\n\n\n<p>Zlatanstatyn blev ej popul\u00e4r<br>F\u00f6r en sk\u00e5nesupporter \u00e4r det som man i kyrkan sv\u00e4r<br>Att hj\u00e4lpa Bajen fick s\u00e4kringen att klicka<br>Supporters verkar ibland f\u00e5 hicka av att nicka &nbsp;<\/p>\n\n\n\n<p>P\u00e5 hemmafronten m\u00e5nga ses halka<br>N\u00e4r vi i vinterv\u00e4rmen l\u00e4ngtar efter svalka<br>Hoppas nu p\u00e5 sn\u00f6 och i drivan mig f\u00e5 luta<br>D\u00e4r jag n\u00e4sta n\u00f6drim kanske kan f\u00e5 utgjuta<\/p>\n\n\n\n<h2 class=\"wp-block-heading\"><\/h2>\n","protected":false},"excerpt":{"rendered":"<p>2020-12 VaccinVeckans modeord \u00e4r vaccinN\u00e5got som vissa betraktar med ett elakt flinMedan andra ser fram emot Astrazenecas vaccinSom en munsk\u00e4nk som doftar p\u00e5 ett \u00e4delt vin Kommer jag mot viruset att orka g\u00f6ra motst\u00e5ndEller tappar jag mitt lilla kvarvarande f\u00f6rst\u00e5ndVaknar&#8230;<\/p>\n","protected":false},"author":2,"featured_media":0,"parent":0,"menu_order":0,"comment_status":"closed","ping_status":"closed","template":"","meta":{"jetpack_post_was_ever_published":false,"footnotes":""},"class_list":["post-2718","page","type-page","status-publish","hentry","no-post-thumbnail"],"jetpack_sharing_enabled":true,"_links":{"self":[{"href":"https:\/\/skrivovin.se\/index.php\/wp-json\/wp\/v2\/pages\/2718","targetHints":{"allow":["GET"]}}],"collection":[{"href":"https:\/\/skrivovin.se\/index.php\/wp-json\/wp\/v2\/pages"}],"about":[{"href":"https:\/\/skrivovin.se\/index.php\/wp-json\/wp\/v2\/types\/page"}],"author":[{"embeddable":true,"href":"https:\/\/skrivovin.se\/index.php\/wp-json\/wp\/v2\/users\/2"}],"replies":[{"embeddable":true,"href":"https:\/\/skrivovin.se\/index.php\/wp-json\/wp\/v2\/comments?post=2718"}],"version-history":[{"count":35,"href":"https:\/\/skrivovin.se\/index.php\/wp-json\/wp\/v2\/pages\/2718\/revisions"}],"predecessor-version":[{"id":4105,"href":"https:\/\/skrivovin.se\/index.php\/wp-json\/wp\/v2\/pages\/2718\/revisions\/4105"}],"wp:attachment":[{"href":"https:\/\/skrivovin.se\/index.php\/wp-json\/wp\/v2\/media?parent=2718"}],"curies":[{"name":"wp","href":"https:\/\/api.w.org\/{rel}","templated":true}]}}