{"id":2297,"date":"2019-09-03T11:54:29","date_gmt":"2019-09-03T09:54:29","guid":{"rendered":"https:\/\/skrivovin.se\/?page_id=2297"},"modified":"2024-05-21T12:16:09","modified_gmt":"2024-05-21T10:16:09","slug":"guldfeber","status":"publish","type":"page","link":"https:\/\/skrivovin.se\/index.php\/guldfeber\/","title":{"rendered":"Guldfeber"},"content":{"rendered":"\n<p><\/p>\n\n\n\n<p class=\"has-text-align-center has-medium-font-size\"><strong>Bild fr\u00e5n f\u00f6rest\u00e4llningen<\/strong><\/p>\n\n\n<div class=\"wp-block-image\">\n<figure class=\"aligncenter\"><img loading=\"lazy\" decoding=\"async\" width=\"336\" height=\"336\" src=\"https:\/\/skrivovin.se\/wp-content\/uploads\/2018\/02\/Guldfeber.jpg\" alt=\"\" class=\"wp-image-274\" srcset=\"https:\/\/skrivovin.se\/wp-content\/uploads\/2018\/02\/Guldfeber.jpg 336w, https:\/\/skrivovin.se\/wp-content\/uploads\/2018\/02\/Guldfeber-150x150.jpg 150w, https:\/\/skrivovin.se\/wp-content\/uploads\/2018\/02\/Guldfeber-300x300.jpg 300w\" sizes=\"auto, (max-width: 336px) 100vw, 336px\" \/><figcaption class=\"wp-element-caption\">Damer i guld efter en lyckad aff\u00e4r<\/figcaption><\/figure>\n<\/div>\n\n\n<h4 class=\"wp-block-heading\">Bilder fr\u00e5n repetitioner <\/h4>\n\n\n<div class=\"wp-block-image\">\n<figure class=\"aligncenter is-resized\"><img loading=\"lazy\" decoding=\"async\" width=\"2566\" height=\"2385\" src=\"https:\/\/i0.wp.com\/skrivovin.se\/wp-content\/uploads\/2019\/09\/DSC_0876.jpg?fit=640%2C595&amp;ssl=1\" alt=\"\" class=\"wp-image-2308\" style=\"width:343px;height:auto\" srcset=\"https:\/\/skrivovin.se\/wp-content\/uploads\/2019\/09\/DSC_0876.jpg 2566w, https:\/\/skrivovin.se\/wp-content\/uploads\/2019\/09\/DSC_0876-300x279.jpg 300w, https:\/\/skrivovin.se\/wp-content\/uploads\/2019\/09\/DSC_0876-768x714.jpg 768w, https:\/\/skrivovin.se\/wp-content\/uploads\/2019\/09\/DSC_0876-1024x952.jpg 1024w\" sizes=\"auto, (max-width: 2566px) 100vw, 2566px\" \/><\/figure>\n<\/div>\n\n<div class=\"wp-block-image\">\n<figure class=\"aligncenter is-resized\"><img loading=\"lazy\" decoding=\"async\" width=\"1024\" height=\"1022\" src=\"https:\/\/skrivovin.se\/wp-content\/uploads\/2019\/09\/DSC_0939-1024x1022.jpg\" alt=\"\" class=\"wp-image-2310\" style=\"width:353px;height:auto\" srcset=\"https:\/\/skrivovin.se\/wp-content\/uploads\/2019\/09\/DSC_0939-1024x1022.jpg 1024w, https:\/\/skrivovin.se\/wp-content\/uploads\/2019\/09\/DSC_0939-150x150.jpg 150w, https:\/\/skrivovin.se\/wp-content\/uploads\/2019\/09\/DSC_0939-300x300.jpg 300w, https:\/\/skrivovin.se\/wp-content\/uploads\/2019\/09\/DSC_0939-768x767.jpg 768w, https:\/\/skrivovin.se\/wp-content\/uploads\/2019\/09\/DSC_0939.jpg 1801w\" sizes=\"auto, (max-width: 1024px) 100vw, 1024px\" \/><figcaption class=\"wp-element-caption\"> <\/figcaption><\/figure>\n<\/div>","protected":false},"excerpt":{"rendered":"<p>Bild fr\u00e5n f\u00f6rest\u00e4llningen Bilder fr\u00e5n repetitioner<\/p>\n","protected":false},"author":2,"featured_media":0,"parent":0,"menu_order":0,"comment_status":"closed","ping_status":"closed","template":"","meta":{"jetpack_post_was_ever_published":false,"footnotes":""},"class_list":["post-2297","page","type-page","status-publish","hentry","no-post-thumbnail"],"jetpack_sharing_enabled":true,"_links":{"self":[{"href":"https:\/\/skrivovin.se\/index.php\/wp-json\/wp\/v2\/pages\/2297","targetHints":{"allow":["GET"]}}],"collection":[{"href":"https:\/\/skrivovin.se\/index.php\/wp-json\/wp\/v2\/pages"}],"about":[{"href":"https:\/\/skrivovin.se\/index.php\/wp-json\/wp\/v2\/types\/page"}],"author":[{"embeddable":true,"href":"https:\/\/skrivovin.se\/index.php\/wp-json\/wp\/v2\/users\/2"}],"replies":[{"embeddable":true,"href":"https:\/\/skrivovin.se\/index.php\/wp-json\/wp\/v2\/comments?post=2297"}],"version-history":[{"count":12,"href":"https:\/\/skrivovin.se\/index.php\/wp-json\/wp\/v2\/pages\/2297\/revisions"}],"predecessor-version":[{"id":6507,"href":"https:\/\/skrivovin.se\/index.php\/wp-json\/wp\/v2\/pages\/2297\/revisions\/6507"}],"wp:attachment":[{"href":"https:\/\/skrivovin.se\/index.php\/wp-json\/wp\/v2\/media?parent=2297"}],"curies":[{"name":"wp","href":"https:\/\/api.w.org\/{rel}","templated":true}]}}