{"id":2,"date":"2018-01-13T10:16:10","date_gmt":"2018-01-13T09:16:10","guid":{"rendered":"http:\/\/skrivovin.kurzawa.se\/wordpress\/?page_id=2"},"modified":"2026-03-10T11:51:22","modified_gmt":"2026-03-10T10:51:22","slug":"hem","status":"publish","type":"page","link":"https:\/\/skrivovin.se\/","title":{"rendered":"V\u00e4lkommen"},"content":{"rendered":"\n<p><br><strong>Aktuella datum<\/strong><\/p>\n\n\n\n<p><strong>21 april <\/strong><br>F\u00f6rel\u00e4ser jag, vid &#8221;Kraftens hus&#8221; i \u00d6stersund, om min cancersjukdom och vilka v\u00e4gar jag hittade som hj\u00e4lpte mig i min rehabilitering.<br><br><strong>17 &#8211; 18 juli<\/strong><br>Finns jag i Kr\u00e5ngede, vid Kr\u00e5ngede kraftverk och Kr\u00e5ngede mus\u00e9um, i samband med kraftverkets 90 \u00e5rs jubileum och mus\u00e9ets 30 \u00e5rs jubileum. Med b\u00f6cker och f\u00f6rmodligen ett anf\u00f6rande. <br><br>&#8212;&#8212;&#8212;&#8212;&#8212;&#8212;&#8212;&#8212;&#8212;&#8212;&#8212;&#8212;&#8212;&#8212;&#8212;&#8212;&#8212;&#8212;&#8212;&#8212;&#8212;&#8212;&#8212;&#8212;&#8212;&#8212;&#8212;&#8212;&#8212;&#8212;&#8212;&#8212;&#8212;&#8212;&#8212;&#8212;&#8212;&#8212;&#8212;&#8212;&#8212;<\/p>\n\n\n\n<p class=\"has-text-align-center has-vivid-red-color has-text-color has-link-color has-medium-font-size wp-elements-b5139ffe7dd980be0eccbaa8b179689f\"><strong>Nyhet h\u00f6sten 2025<\/strong><\/p>\n\n\n<div class=\"wp-block-image\">\n<figure class=\"aligncenter size-large is-resized\"><img loading=\"lazy\" decoding=\"async\" width=\"722\" height=\"1024\" src=\"https:\/\/skrivovin.se\/wp-content\/uploads\/2025\/08\/Drottningen_framsida-722x1024.jpg\" alt=\"\" class=\"wp-image-7501\" style=\"width:252px;height:auto\" srcset=\"https:\/\/skrivovin.se\/wp-content\/uploads\/2025\/08\/Drottningen_framsida-722x1024.jpg 722w, https:\/\/skrivovin.se\/wp-content\/uploads\/2025\/08\/Drottningen_framsida-211x300.jpg 211w, https:\/\/skrivovin.se\/wp-content\/uploads\/2025\/08\/Drottningen_framsida-768x1090.jpg 768w, https:\/\/skrivovin.se\/wp-content\/uploads\/2025\/08\/Drottningen_framsida-1083x1536.jpg 1083w, https:\/\/skrivovin.se\/wp-content\/uploads\/2025\/08\/Drottningen_framsida-1444x2048.jpg 1444w, https:\/\/skrivovin.se\/wp-content\/uploads\/2025\/08\/Drottningen_framsida.jpg 1748w\" sizes=\"auto, (max-width: 722px) 100vw, 722px\" \/><\/figure>\n<\/div>\n\n\n<p class=\"has-text-align-center\">Under h\u00f6sten 2025 sl\u00e4pps min nya bok &#8221;Drottningen p\u00e5 V\u00e4stg\u00e5rden&#8221;, som \u00e4r en forts\u00e4ttning av &#8221;Bondepl\u00e5garen, som sl\u00e4pptes h\u00f6sten 2024. Du hittar mera info om arbetet med boken <a href=\"https:\/\/skrivovin.se\/index.php\/2025\/08\/20\/valborg-mansdotter-frisk-drottningen-och-entreprenoren\/\"><strong>h\u00e4r<\/strong><\/a>. Vill du veta mera om sj\u00e4lva boken och l\u00e4sa ett stycke ur ett kapitel, kan du g\u00f6ra det <strong><a href=\"https:\/\/skrivovin.se\/index.php\/drottningen-pa-vastgarden\/\" data-type=\"page\" data-id=\"7548\">h\u00e4r<\/a>.<\/strong><\/p>\n\n\n<div class=\"wp-block-image\">\n<figure class=\"aligncenter size-large is-resized\"><img loading=\"lazy\" decoding=\"async\" width=\"722\" height=\"1024\" src=\"https:\/\/skrivovin.se\/wp-content\/uploads\/2024\/09\/Bondeplagaren_framsida-Konflikt-med-Unicode-kodning-722x1024.jpg\" alt=\"\" class=\"wp-image-6828\" style=\"width:277px;height:auto\" srcset=\"https:\/\/skrivovin.se\/wp-content\/uploads\/2024\/09\/Bondeplagaren_framsida-Konflikt-med-Unicode-kodning-722x1024.jpg 722w, https:\/\/skrivovin.se\/wp-content\/uploads\/2024\/09\/Bondeplagaren_framsida-Konflikt-med-Unicode-kodning-211x300.jpg 211w, https:\/\/skrivovin.se\/wp-content\/uploads\/2024\/09\/Bondeplagaren_framsida-Konflikt-med-Unicode-kodning-768x1090.jpg 768w, https:\/\/skrivovin.se\/wp-content\/uploads\/2024\/09\/Bondeplagaren_framsida-Konflikt-med-Unicode-kodning-1083x1536.jpg 1083w, https:\/\/skrivovin.se\/wp-content\/uploads\/2024\/09\/Bondeplagaren_framsida-Konflikt-med-Unicode-kodning-1444x2048.jpg 1444w, https:\/\/skrivovin.se\/wp-content\/uploads\/2024\/09\/Bondeplagaren_framsida-Konflikt-med-Unicode-kodning.jpg 1748w\" sizes=\"auto, (max-width: 722px) 100vw, 722px\" \/><\/figure>\n<\/div>\n\n\n<p class=\"has-text-align-left\">I november 2024 sl\u00e4ppte jag min senaste roman. En historisk roman, med namnet &#8221;Bondepl\u00e5garen&#8221; som b\u00f6rjar i mitten av 1600-talet och forts\u00e4tter in p\u00e5 1700-talet. Under fliken <strong><a href=\"https:\/\/skrivovin.se\/index.php\/mitt-skrivande\/\">Mina b\u00f6cker<\/a><\/strong> finns mer information och recensioner om boken och dessutom ett smakprov fr\u00e5n ett kapitel. <br>I min blogg har jag tidigare ber\u00e4ttat om romanen och du \u00e4r v\u00e4lkommen <a href=\"https:\/\/skrivovin.se\/index.php\/2024\/06\/06\/min-egen-historia-om-ragunda-krig-och-tingsrattsforhandlingar\/\">dit. <\/a><br>&#8212;&#8212;&#8212;&#8212;&#8212;&#8212;&#8212;&#8212;&#8212;&#8212;&#8212;&#8212;&#8212;&#8212;&#8212;&#8212;&#8212;&#8212;&#8212;&#8212;&#8212;&#8212;&#8212;&#8212;&#8212;&#8212;&#8212;&#8212;&#8212;&#8212;&#8212;&#8212;&#8212;&#8212;&#8212;&#8212;&#8212;&#8212;&#8212;&#8212;&#8212;&#8212;&#8212;&#8212;&#8212;&#8212;&#8212;&#8212;&#8212;&#8212;&#8212;&#8212;-<br><br><strong>Tidigare fr\u00e5n mig<\/strong><br>I mina tv\u00e5 romaner <strong>Bortr\u00e4knad<\/strong> fr\u00e5n 2019 och <strong>N\u00e5gon m\u00e5ste f\u00e5 veta<\/strong> fr\u00e5n 2017 har jag pekat p\u00e5 tv\u00e5 mycket aktuella omr\u00e5den, n\u00e4mligen kr\u00e4nkande s\u00e4rbehandling p\u00e5 en arbetsplats och v\u00e5ld mot kvinnor. I <strong>Bortr\u00e4knad<\/strong> f\u00f6ljer jag  hur en person uts\u00e4tts f\u00f6r kr\u00e4nkningar och vilka f\u00f6ljder som detta kan f\u00e5. <br>Av <strong>Bortr\u00e4knad<\/strong>  finns ett f\u00e5tal b\u00f6cker kvar. <br>I romanen <strong>N\u00e5gon m\u00e5ste f\u00e5 veta<\/strong> visar jag p\u00e5 problemet med v\u00e5ld mot kvinnor. &nbsp;Det \u00e4r en gammal kvinnas ber\u00e4ttelse om sitt liv i fattigdom, \u00f6vergrepp, droger och m\u00e5nga anh\u00f6rigas alltf\u00f6r tidiga d\u00f6d. Jag g\u00f6r ocks\u00e5 j\u00e4mf\u00f6relser med kvinnors situation idag. <br><strong>N\u00e5gon m\u00e5ste f\u00e5 veta<\/strong> \u00e4r sluts\u00e5ld.<\/p>\n\n\n<figure class=\"wp-block-image aligncenter size-large is-resized\"><img loading=\"lazy\" decoding=\"async\" width=\"686\" height=\"1024\" class=\"wp-image-2317\" style=\"width: 150px; height: 225px;\" src=\"https:\/\/skrivovin.se\/wp-content\/uploads\/2019\/09\/bortraknad_omsl-686x1024.jpg\" alt=\".\" srcset=\"https:\/\/skrivovin.se\/wp-content\/uploads\/2019\/09\/bortraknad_omsl-686x1024.jpg 686w, https:\/\/skrivovin.se\/wp-content\/uploads\/2019\/09\/bortraknad_omsl-201x300.jpg 201w, https:\/\/skrivovin.se\/wp-content\/uploads\/2019\/09\/bortraknad_omsl-768x1147.jpg 768w, https:\/\/skrivovin.se\/wp-content\/uploads\/2019\/09\/bortraknad_omsl.jpg 1180w\" sizes=\"auto, (max-width: 686px) 100vw, 686px\" \/>\u00a0 \u00a0 \u00a0 \u00a0 \u00a0 \u00a0 \u00a0 \u00a0 \u00a0 \u00a0 \u00a0 <img loading=\"lazy\" decoding=\"async\" class=\"\" src=\"https:\/\/skrivovin.se\/wp-content\/uploads\/2023\/01\/Omslag2.jpg\" width=\"149\" height=\"227\" \/><\/p>\n<p>&#8212;&#8212;&#8212;&#8212;&#8212;&#8212;&#8212;&#8212;&#8212;&#8212;&#8212;&#8212;&#8212;&#8212;&#8212;&#8212;&#8212;&#8212;&#8212;&#8212;&#8212;&#8212;&#8212;&#8212;&#8212;&#8212;&#8212;&#8212;&#8212;&#8212;&#8212;&#8212;&#8212;&#8212;&#8212;&#8212;&#8212;&#8212;&#8211;<\/p>\n<\/figure>\n<figure class=\"wp-block-image aligncenter size-large is-resized\"><\/figure>\n\n\n<p class=\"has-text-align-left\">Innan jag skrev ovanst\u00e5ende b\u00f6cker kom jag ut med tv\u00e5 b\u00f6cker som utspelar sig i bank- och finansbranschen. \u00c5r 2015 kom boken <strong>Guldfeber<\/strong>. Det \u00e4r en frist\u00e5ende forts\u00e4ttning fr\u00e5n boken <strong>Girighet eller Makt<\/strong>. <br>Boken <strong>Girighet eller Makt<\/strong> visar maktspelet i en liten bank, d\u00e4r ledning och styrelse har dr\u00f6mmar och ambitioner om att utveckla banken till en stor och nationell bank. Maktspelet f\u00f6ljs i styrelserum och i ledningsgrupper. <br>I <strong>Guldfeber<\/strong> har den lilla banken slukats av en stor och maktspelet forts\u00e4tter p\u00e5 en h\u00f6gre niv\u00e5. I <strong>Guldfeber<\/strong> visas ocks\u00e5 hur kriminella ligor arbetar f\u00f6r att komma \u00f6ver bankens, eller bankens kunders pengar.  <br><strong>Girighet eller Makt<\/strong> finns fortfarande att best\u00e4lla, medan <strong>Guldfeber<\/strong> \u00e4r sluts\u00e5ld.<\/p>\n\n\n<div class=\"wp-block-image\">\n<figure class=\"alignright is-resized\"><img loading=\"lazy\" decoding=\"async\" width=\"223\" height=\"365\" src=\"https:\/\/skrivovin.se\/wp-content\/uploads\/2019\/03\/8b3713ce42-Guldfeber_for_hemsida_mm.jpg\" alt=\"\" class=\"wp-image-1104\" style=\"width:164px;height:auto\" srcset=\"https:\/\/skrivovin.se\/wp-content\/uploads\/2019\/03\/8b3713ce42-Guldfeber_for_hemsida_mm.jpg 223w, https:\/\/skrivovin.se\/wp-content\/uploads\/2019\/03\/8b3713ce42-Guldfeber_for_hemsida_mm-183x300.jpg 183w\" sizes=\"auto, (max-width: 223px) 100vw, 223px\" \/><\/figure>\n<\/div>\n\n<div class=\"wp-block-image\">\n<figure class=\"alignleft is-resized\"><img decoding=\"async\" src=\"https:\/\/skrivovin.se\/wp-content\/uploads\/2019\/03\/Girighet-eller-Makt.jpg\" alt=\"Denna bild har ett alt-attribut som \u00c3\u00a4r tomt. Dess filnamn \u00c3\u00a4r Girighet-eller-Makt.jpg\" style=\"width:180px;height:auto\"\/><\/figure>\n<\/div>\n\n\n<p>B\u00e5de <strong>Girighet eller makt<\/strong> och <strong>Guldfeber<\/strong>&nbsp; har uppf\u00f6rts som dansteater av Wendlas dansstudio i \u00d6stersund. En unik h\u00e4ndelse som fick stor uppm\u00e4rksamhet i massmedia. <a href=\"http:\/\/skrivovin.se\/index.php\/hem\/dansforestallning\/\">H\u00e4r finns bilder fr\u00e5n f\u00f6rest\u00e4llningen<\/a>.<br><br><strong>Girighet eller Makt&nbsp;<\/strong>har ocks\u00e5 anv\u00e4nts och delats ut till Mittuniversitetets ekonomlinjer i b\u00e5de \u00d6stersund och Sundsvall. Lite som en illustration \u00f6ver hur bankv\u00e4rlden s\u00e5g ut p\u00e5 \u00e5ttio- och nittiotalet, n\u00e4r kontoren var i centrum f\u00f6r all bankverksamhet.<\/p>\n\n\n\n<p><span style=\"font-size: revert;\">Priser, f\u00f6r varje bok, finns under fliken <\/span><a style=\"font-size: revert;\" href=\"https:\/\/skrivovin.se\/index.php\/mitt-skrivande\/\"><strong>Mina B\u00f6cker<\/strong><\/a><span style=\"font-size: revert;\"><strong>,<\/strong> d\u00e4r b\u00f6ckerna presenteras mera var f\u00f6r sig.&nbsp;<\/span><\/p>\n\n\n\n<p>Wendlas dansstudio, har f\u00f6rutom b\u00f6ckerna fr\u00e5n bankv\u00e4rlden, uppf\u00f6rt ber\u00e4ttelsen om <strong>Zara<\/strong>, efter mitt manus. En ber\u00e4ttelse som inte utgetts som bok. Den handlar om en ton\u00e5rstjej med sj\u00e4lvskadeproblem, droger, v\u00e5ld, g\u00e4ngbildning och musik.<br>F\u00f6rsta kapitlet i ber\u00e4ttelsen samt bilder finns <a href=\"https:\/\/skrivovin.se\/index.php\/hem\/zara\/\">h\u00e4r<\/a>.<\/p>\n\n\n\n<p class=\"has-text-align-center\">&#8212;&#8212;&#8212;&#8212;&#8212;&#8212;&#8212;&#8212;&#8212;&#8212;&#8212;&#8212;&#8212;&#8212;&#8212;&#8212;&#8212;&#8212;&#8212;&#8212;&#8212;&#8212;&#8212;&#8212;&#8212;&#8212;&#8212;&#8212;&#8212;&#8212;&#8212;&#8212;&#8212;&#8212;&#8212;&#8212;&#8212;-<\/p>\n\n\n\n<p class=\"has-text-align-left\">F\u00f6rutom ovanst\u00e5ende romaner har jag medverkat till att dokumentera en skrift om <strong>Gr\u00e4ft\u00e5vallens utveckling<\/strong>. Eftersom vi har en fj\u00e4llstuga i Gr\u00e4ft\u00e5vallen och har vistats d\u00e4r mycket s\u00e5 k\u00e4ndes det positivt att f\u00e5 ing\u00e5 i en grupp som ber\u00e4ttat om ortens utveckling, fr\u00e5n tiden n\u00e4r Gr\u00e4ft\u00e5vallen var en f\u00e4bodvall, fram till idag n\u00e4r det \u00e4r en modern turistort.&nbsp;<\/p>\n\n\n<div class=\"wp-block-image\">\n<figure class=\"aligncenter is-resized\"><img decoding=\"async\" src=\"https:\/\/skrivovin.se\/wp-content\/uploads\/2023\/01\/190-Graftavallens-utveckling-731x1024.jpg\" alt=\"Denna bild har ett alt-attribut som \u00e4r tomt. Dess filnamn \u00e4r 190-Graftavallens-utveckling-731x1024.jpg\" style=\"width:223px;height:auto\"\/><\/figure>\n<\/div>\n\n\n<p class=\"has-text-align-center\">&#8212;&#8212;&#8212;&#8212;&#8212;&#8212;&#8212;&#8212;&#8212;&#8212;&#8212;&#8212;&#8212;&#8212;&#8212;&#8212;&#8212;&#8212;&#8212;&#8212;&#8212;&#8212;&#8212;&#8212;&#8212;&#8212;&#8212;&#8212;&#8212;&#8212;&#8212;&#8212;&#8212;&#8212;&#8212;&#8212;&#8211;<\/p>\n\n\n\n<p>Under 2023 har jag, tillsammans med Tullus SG:s styrelse, arbetat fram en historik av den gamla och framg\u00e5ngsrika klubben. Klubben bildades 1901 och har b\u00e5de v\u00e4rldsm\u00e4stare och olympiska medalj\u00f6rer bland sina aktiva. Det var ett sp\u00e4nnande uppdrag som slutf\u00f6rdes inf\u00f6r julen 2023. Den h\u00e4r skriften kan best\u00e4llas hos Tullus SG, via deras hemsida: https:\/\/www.tullus.se\/<\/p>\n\n\n<div class=\"wp-block-image\">\n<figure class=\"aligncenter is-resized\"><img loading=\"lazy\" decoding=\"async\" width=\"225\" height=\"300\" src=\"https:\/\/skrivovin.se\/wp-content\/uploads\/2024\/01\/2023-11-21-15.17.05-225x300.jpg\" alt=\"\" class=\"wp-image-6225\" style=\"width:207px;height:auto\" srcset=\"https:\/\/skrivovin.se\/wp-content\/uploads\/2024\/01\/2023-11-21-15.17.05-225x300.jpg 225w, https:\/\/skrivovin.se\/wp-content\/uploads\/2024\/01\/2023-11-21-15.17.05-768x1024.jpg 768w, https:\/\/skrivovin.se\/wp-content\/uploads\/2024\/01\/2023-11-21-15.17.05-1152x1536.jpg 1152w, https:\/\/skrivovin.se\/wp-content\/uploads\/2024\/01\/2023-11-21-15.17.05-1536x2048.jpg 1536w, https:\/\/skrivovin.se\/wp-content\/uploads\/2024\/01\/2023-11-21-15.17.05-scaled.jpg 1920w\" sizes=\"auto, (max-width: 225px) 100vw, 225px\" \/><\/figure>\n<\/div>\n\n\n<p class=\"has-text-align-left\"><br>Jag har ocks\u00e5 skrivit min sj\u00e4lvbiografi. Den trycktes i slutet av 2022 och fick namnet <strong>Fr\u00e5n min horisont<\/strong>, d\u00e4r jag beskriver mig sj\u00e4lv och min familj. Tanken p\u00e5 att skriva mina memoarer \u00e4r gammal och n\u00e4r jag \u00e5r 2022 behandlades f\u00f6r en sjukdom, anv\u00e4nde jag tiden f\u00f6r rehabilitering till att skriva om mig sj\u00e4lv. <br>Det \u00e4r ingen bok som \u00e4r till salu, men jag vill \u00e4nd\u00e5 n\u00e4mna den i det h\u00e4r sammanhanget, eftersom det var fantastiskt roligt att gr\u00e4va i mitt f\u00f6rflutna. Det var mycket mera sp\u00e4nnande \u00e4n jag n\u00e5gonsin hade anat.&nbsp;&nbsp;<\/p>\n\n\n<div class=\"wp-block-image\">\n<figure class=\"aligncenter is-resized\"><img decoding=\"async\" src=\"https:\/\/skrivovin.se\/wp-content\/uploads\/2023\/01\/2022-12-05-20.50.50-717x1024.jpg\" alt=\"Denna bild har ett alt-attribut som \u00e4r tomt. Dess filnamn \u00e4r 2022-12-05-20.50.50-717x1024.jpg\" style=\"width:200px;height:auto\"\/><\/figure>\n<\/div>\n\n\n<p class=\"has-text-align-center\"><br>Jag heter Torbj\u00f6rn Ohlsson och du \u00e4r v\u00e4lkommen till min sida!<\/p>\n\n\n\n<p><\/p>\n\n\n\n<p><\/p>\n\n\n<div class=\"wp-block-image\">\n<figure class=\"aligncenter size-large is-resized\"><img loading=\"lazy\" decoding=\"async\" width=\"674\" height=\"742\" src=\"https:\/\/skrivovin.se\/wp-content\/uploads\/2023\/01\/Torbjorn-.jpg\" alt=\"\" class=\"wp-image-5670\" style=\"width:197px;height:217px\" srcset=\"https:\/\/skrivovin.se\/wp-content\/uploads\/2023\/01\/Torbjorn-.jpg 674w, https:\/\/skrivovin.se\/wp-content\/uploads\/2023\/01\/Torbjorn--273x300.jpg 273w\" sizes=\"auto, (max-width: 674px) 100vw, 674px\" \/><\/figure>\n<\/div>\n\n\n<p><\/p>\n","protected":false},"excerpt":{"rendered":"<p>Aktuella datum 21 april F\u00f6rel\u00e4ser jag, vid &#8221;Kraftens hus&#8221; i \u00d6stersund, om min cancersjukdom och vilka v\u00e4gar jag hittade som hj\u00e4lpte mig i min rehabilitering. 17 &#8211; 18 juliFinns jag i Kr\u00e5ngede, vid Kr\u00e5ngede kraftverk och Kr\u00e5ngede mus\u00e9um, i samband&#8230;<\/p>\n","protected":false},"author":1,"featured_media":2317,"parent":0,"menu_order":0,"comment_status":"closed","ping_status":"closed","template":"","meta":{"jetpack_post_was_ever_published":false,"footnotes":""},"class_list":["post-2","page","type-page","status-publish","has-post-thumbnail","hentry"],"jetpack_sharing_enabled":true,"_links":{"self":[{"href":"https:\/\/skrivovin.se\/index.php\/wp-json\/wp\/v2\/pages\/2","targetHints":{"allow":["GET"]}}],"collection":[{"href":"https:\/\/skrivovin.se\/index.php\/wp-json\/wp\/v2\/pages"}],"about":[{"href":"https:\/\/skrivovin.se\/index.php\/wp-json\/wp\/v2\/types\/page"}],"author":[{"embeddable":true,"href":"https:\/\/skrivovin.se\/index.php\/wp-json\/wp\/v2\/users\/1"}],"replies":[{"embeddable":true,"href":"https:\/\/skrivovin.se\/index.php\/wp-json\/wp\/v2\/comments?post=2"}],"version-history":[{"count":294,"href":"https:\/\/skrivovin.se\/index.php\/wp-json\/wp\/v2\/pages\/2\/revisions"}],"predecessor-version":[{"id":7776,"href":"https:\/\/skrivovin.se\/index.php\/wp-json\/wp\/v2\/pages\/2\/revisions\/7776"}],"wp:featuredmedia":[{"embeddable":true,"href":"https:\/\/skrivovin.se\/index.php\/wp-json\/wp\/v2\/media\/2317"}],"wp:attachment":[{"href":"https:\/\/skrivovin.se\/index.php\/wp-json\/wp\/v2\/media?parent=2"}],"curies":[{"name":"wp","href":"https:\/\/api.w.org\/{rel}","templated":true}]}}