{"id":1953,"date":"2019-08-14T18:51:03","date_gmt":"2019-08-14T16:51:03","guid":{"rendered":"https:\/\/skrivovin.se\/?page_id=1953"},"modified":"2019-08-14T18:54:43","modified_gmt":"2019-08-14T16:54:43","slug":"alder","status":"publish","type":"page","link":"https:\/\/skrivovin.se\/index.php\/alder\/","title":{"rendered":"\u00c5lder"},"content":{"rendered":"\n<p><br><strong>Kraftsamling<\/strong><br>P\u00e5 stigen fr\u00e5n vallen<br>En vandrare g\u00e5r<br>Stegen \u00e4r lugna och l\u00e5nga<\/p>\n\n\n\n<p>Han t\u00e4nker p\u00e5 tider som svunnit<br>P\u00e5 kvinnor som passerat hans liv<br>P\u00e5 t\u00e5ren, vid graven, hos mamma<\/p>\n\n\n\n<p>Hans blick \u00e4r tom, hans synf\u00e4lt gr\u00e5tt<br>H\u00e4r har han m\u00e5nga g\u00e5nger g\u00e5tt<br>En rot, en sten, han k\u00e4nner dem<\/p>\n\n\n\n<p>Ler lite till sina sm\u00e5 v\u00e4nner<br>Bruset fr\u00e5n \u00e5n och f\u00e5gels\u00e5ng<br>Var vandringens m\u00e5l, denna g\u00e5ng<\/p>\n\n\n\n<p>Leendet v\u00e4xer, hela ansiktet m\u00e5r<br>Han njuter av vattnet som hoppar<br>\u00c5t staren som stannar och bockar<br>N\u00e4r han i aftonen hem\u00e5t g\u00e5r<\/p>\n\n\n\n<p> <\/p>\n","protected":false},"excerpt":{"rendered":"<p>KraftsamlingP\u00e5 stigen fr\u00e5n vallenEn vandrare g\u00e5rStegen \u00e4r lugna och l\u00e5nga Han t\u00e4nker p\u00e5 tider som svunnitP\u00e5 kvinnor som passerat hans livP\u00e5 t\u00e5ren, vid graven, hos mamma Hans blick \u00e4r tom, hans synf\u00e4lt gr\u00e5ttH\u00e4r har han m\u00e5nga g\u00e5nger g\u00e5ttEn rot, en&#8230;<\/p>\n","protected":false},"author":2,"featured_media":0,"parent":0,"menu_order":0,"comment_status":"closed","ping_status":"closed","template":"","meta":{"jetpack_post_was_ever_published":false,"footnotes":""},"class_list":["post-1953","page","type-page","status-publish","hentry","no-post-thumbnail"],"jetpack_sharing_enabled":true,"_links":{"self":[{"href":"https:\/\/skrivovin.se\/index.php\/wp-json\/wp\/v2\/pages\/1953","targetHints":{"allow":["GET"]}}],"collection":[{"href":"https:\/\/skrivovin.se\/index.php\/wp-json\/wp\/v2\/pages"}],"about":[{"href":"https:\/\/skrivovin.se\/index.php\/wp-json\/wp\/v2\/types\/page"}],"author":[{"embeddable":true,"href":"https:\/\/skrivovin.se\/index.php\/wp-json\/wp\/v2\/users\/2"}],"replies":[{"embeddable":true,"href":"https:\/\/skrivovin.se\/index.php\/wp-json\/wp\/v2\/comments?post=1953"}],"version-history":[{"count":4,"href":"https:\/\/skrivovin.se\/index.php\/wp-json\/wp\/v2\/pages\/1953\/revisions"}],"predecessor-version":[{"id":1958,"href":"https:\/\/skrivovin.se\/index.php\/wp-json\/wp\/v2\/pages\/1953\/revisions\/1958"}],"wp:attachment":[{"href":"https:\/\/skrivovin.se\/index.php\/wp-json\/wp\/v2\/media?parent=1953"}],"curies":[{"name":"wp","href":"https:\/\/api.w.org\/{rel}","templated":true}]}}