{"id":1927,"date":"2019-08-14T15:35:10","date_gmt":"2019-08-14T13:35:10","guid":{"rendered":"https:\/\/skrivovin.se\/?page_id=1927"},"modified":"2019-08-14T18:45:57","modified_gmt":"2019-08-14T16:45:57","slug":"tentavakten","status":"publish","type":"page","link":"https:\/\/skrivovin.se\/index.php\/tentavakten\/","title":{"rendered":"Tentavakten"},"content":{"rendered":"\n<p><br><strong>4 grabbar p\u00e5 J\u00f6ken<\/strong><br>Sl\u00e4tkammad, rakad, flurig och luva, <br>Luvan k\u00e4mpar med snuva<br>Den rakade och sl\u00e4tkammade<br>Korrekta och strama<\/p>\n\n\n\n<p>Fluret bl\u00e4ddrar fram och tillbaka<br>Luvan med snuvan har \u00f6gon s\u00e5 raka<br>Utanf\u00f6r f\u00f6nstret solen skiner<br>I tentasalen tankens vind viner<\/p>\n\n\n\n<p>Ibland det brusar och allt blir klart<br>S\u00e5 h\u00e4rligt det k\u00e4nns n\u00e4r tanken tar fart<br>Men i den rakades \u00f6gon syns vemod<br>Vad finns mer i pannan \u00e4n juridiskt armod<\/p>\n\n\n\n<p>Hos flurig spelar \u00f6gonen ibland<br>Hos luvan med snuvan \u00e4r pennan i brand<\/p>\n\n\n\n<p><br><strong>Bladv\u00e4ndartenta<\/strong><br>Fem timmars bladv\u00e4ndning<br>Fem timmars ansp\u00e4nning<br>Blad efter blad<br>N\u00e5gra tecken p\u00e5 var rad<\/p>\n\n\n\n<p>Huvudet i h\u00e4nderna<br>Koffein p\u00e5 t\u00e4nderna<br>V\u00e4xlar i inspiration<br>Liksom i transpiration<\/p>\n\n\n\n<p>Och bakom ena bladv\u00e4ndaren<br>En m\u00f6rk och kylig dam<br>Hennes blick \u00e4r stram<br>Koncentration om psykologisk intervention<\/p>\n\n\n\n<p>Men tentavakten iakttar<br>Tar en runda i sin stora sal<br>Blir glad n\u00e4r han ett leende f\u00e5r<br>Kanske dr\u00f6mmer om ungdomens ljuvliga \u00e5r<\/p>\n\n\n\n<p><br><strong>F\u00f6rsta tentan<\/strong><br>Nerv\u00f6st fnitter, &#8221;sovit n\u00e5tt&#8221;<br>tv\u00e5 burkar Red Bull &#8221;inte ett skit&#8221;<br>Sp\u00e4nning. f\u00f6rv\u00e4ntan i allsk\u00f6ns blandning<br>f\u00f6r n\u00e5gra en Golgatavandring<br> <br>F\u00f6rsta testet &#8221;hitta din plats&#8221;<br> &#8221;OJ f\u00f6rl\u00e5t, jag satte mig fel&#8221;<\/p>\n\n\n\n<p>S\u00e5 stiger sp\u00e4nning och sjunker sorl<br>blickar fladdrar och s\u00f6ker<\/p>\n\n\n\n<p>S\u00e5 fastnar ett \u00f6ga mot arket<br>leendet v\u00e4xer<br>bl\u00e4ndvita t\u00e4nder och \u00f6gon som glittrar.<br>Metodiskt och lugnt hon svarar<br>stilen pr\u00e4ntas i all sin prakt<br>leendet m\u00f6ts av sk\u00e4ggig tentavakt.<\/p>\n\n\n\n<p><br><strong>Hej Fr\u00e4mling<\/strong><br>M\u00f6tte en m\u00f6rk ung kvinnas blick<br>Mellan snabba svar och f\u00f6nstertitt<br>Blyg och f\u00f6rsynt och ingen flykting<br>Hennes \u00f6gon log n\u00e4r hon t\u00e4nkte hej fr\u00e4mling<\/p>\n\n\n\n<p>Jag log mot styrka och fram\u00e5tanda<br>Vet inte vilken v\u00e4g hon ska vandra<br>Styrka och vilja och ingen flykting<br>Hennes \u00f6gon v\u00e4ntade <br>jag log och t\u00e4nkte hej fr\u00e4mling<br><br><br><strong>Lagboken<\/strong><br>En lagbok kan vara en v\u00e4n<br>Eller en flyktings ov\u00e4n<br>F\u00f6r studeranden en bl\u00e4dderbok<br>F\u00f6r f\u00f6rbrytaren en dombok f\u00f6r att han gjort n\u00e5t tok<\/p>\n\n\n\n<p>F\u00f6r den smarte en k\u00e4rleksfull v\u00e4n<br>Bara han g\u00f6r det som inte \u00e4r skrivet d\u00e4r \u00e4n<br>F\u00f6r det som inte finns i denna bok<br>\u00c4r ju lagligt om \u00e4n allt \u00e4r p\u00e5 tok<\/p>\n\n\n\n<p>F\u00f6r juristen en livlina och st\u00f6d<br>Ger levebr\u00f6d \u00e4nda till hans d\u00f6d<br>F\u00f6rr det r\u00e4ckte med tio guds bud<br>Men nu finns inget skrivet av gud<br><br>Den tusendubblats i sidor och volym<br>Till juristens gl\u00e4dje i sin m\u00f6rka kostym<br>Boken visar att rikedom tillkr\u00e5nglar allt<br>Att det var enklare n\u00e4r m\u00e4nniskan svalt<br>M\u00e5nga regler f\u00f6r den om har pengar som gud<br>Men visst borde det r\u00e4cka med tio guds bud. <br><\/p>\n\n\n\n<p><strong>Psykologitenta  <\/strong><br>Om jag beh\u00f6vde skulle jag anlita dem d\u00e5<br>N\u00e5gon av de tv\u00e5 jag kunde f\u00e4sta blicken p\u00e5<\/p>\n\n\n\n<p>Han med tr\u00f6ja med Iron Maiden<br>Eller hon med blommig knytblus<br>Eller hon med blicken ut mot stugan<\/p>\n\n\n\n<p>Vad v\u00e4ntar dom i livet<br>Tar de framg\u00e5ngen f\u00f6r givet<br>F\u00f6rst\u00e5r de och tar det stor klivet<\/p>\n\n\n\n<p>G\u00e5r n\u00e5gon i kvinnof\u00e4llan<br>Jobb hem, man och allt emellan<\/p>\n\n\n\n<p>Tr\u00f6tta kliande \u00f6gon<br>Ibland en uppgiven suck<br>Fortfarande m\u00e5nga terminer<br>Innan det blir universitetsmuck<br><\/p>\n\n\n\n<p><strong>Psykologtenta  &#8211; Tentatjej <\/strong><br>\u201dHar bara huvet i m\u00f6ssan\u201d sa hon och visade<br>Kolsvart h\u00e5r l\u00e5ngt ner p\u00e5 ryggen<br>Bruna leende \u00f6gon<br>Hela hon ett leende<\/p>\n\n\n\n<p>Pennan dansade \u00f6ver arket<br>Snabbt och distinkt<br>Koncentration<\/p>\n\n\n\n<p>Yoghurt och vatten p\u00e5 bordet<br>Inget grubblande \u00f6ver ordet<br>Ett snabbt sudd och sedan text<br>En blick \u00e5t sidan och sedan mot mig<br>N\u00e4ra att jag skriker \u201dhej\u201d<\/p>\n\n\n\n<p>Men innan hejet sig format<br>Hon v\u00e4nt blad  <\/p>\n\n\n\n<p>En liten ruskning och h\u00e5ret sv\u00e4nger<br>Leendet hela tiden p\u00e5 plats<br>Sista tentan, jag tror hon dr\u00f6mmer<\/p>\n\n\n\n<p><br><strong>Sista tentan <\/strong><br>Sista tentan f\u00f6re nya livet<br>Fniss och prat, \u201dvad g\u00f6r du sen?\u201d<br>Fem kommer skamsna \u201dvi hade gl\u00f6mt och det har inte h\u00e4nt f\u00f6rut\u201d<\/p>\n\n\n\n<p>Allt fr\u00e5n \u00e4pple till hel frukost<br>Alla har sina rutiner<br>M\u00f6ssa p\u00e5 eller m\u00f6ssa av<br>\u201dMen du vi h\u00f6rs v\u00e4l sen\u201d<\/p>\n\n\n\n<p>S\u00e5 faller tystnad och stiger sk\u00e4rpa<br>Alla g\u00e5r in i sin egen v\u00e4rld<br>En drar luvan \u00f6ver hj\u00e4ssan<br>En ger ett leende till en tentamensv\u00e4rd<\/p>\n\n\n\n<p>En grupp unga p\u00e5 spr\u00e5ng ut<br>N\u00e5got nytt b\u00f6rjar n\u00e5got annat tar slut<br>Vad som v\u00e4ntar ingen riktigt vet<br>F\u00f6rutom natten med fest s\u00e5 het.<\/p>\n\n\n\n<p><br><strong>Sjuksk\u00f6tersketenta<\/strong><br>Ett svart yttre skal<br>en blick av honung<br>bl\u00e4ddrar och tuggar<\/p>\n\n\n\n<p>En str\u00e4ckning, en blick<br>en tugga hon fick<br>pennan hela tiden gick<\/p>\n\n\n\n<p>Knut i nacken<br>foten i backen<br>startklar<\/p>\n\n\n\n<p>Ett vitt yttre \u00e4r dr\u00f6mmen<br>pennan bakom \u00f6rat<br>sprutan kontrollerad och ren<\/p>\n\n\n\n<p>Snabbt p\u00e5 toan<br>dricksflaskan fylld<br>sk\u00e4rpan \u00e5ter<\/p>\n\n\n\n<p>Dr\u00f6mmer om jobb i v\u00e5rd<br>med villkor som ej sl\u00e5r rekord<br>Norge kanske, eller Zambia<br>Kamp mot ebola<br>k\u00e4nslan finns <br>energi i blicken<br><\/p>\n\n\n\n<p><strong>Svenska spr\u00e5ket f\u00f6r invandrare<\/strong><br>Landet har blivit kallt<br>Svenska spr\u00e5ket \u00e4r inte l\u00e4tt<br>Fr\u00e5n v\u00e4rmen och annan kultur<\/p>\n\n\n\n<p>Kryper in i jackan<br>Telefonen ligger hos mig<\/p>\n\n\n\n<p>V\u00e4rmen i kaffeflaskan<br>Och inom sig<\/p>\n\n\n\n<p>Ler snabbt mot en v\u00e4n<br>Hon m\u00e4rker det ej<br>Hon l\u00e4ngtar till julen i annat land<br>V\u00e4rmen p\u00e5 en strand<\/p>\n\n\n\n<p>Plikten kallar och han skriver<br>Verb eller substantiv<br>Jag har sett honom h\u00e4r tidigare<br>Kunskapen tagit stora kliv.<\/p>\n\n\n\n<p><strong>Tentatjej \u2013 idrottsvetenskap<\/strong><br>Snurrar sitt l\u00e5ng ljusa h\u00e5r<br>\u00d6gonen fladdrar tiden g\u00e5r<\/p>\n\n\n\n<p>Tittar genom f\u00f6nstret ut<br>Vill nog att detta ska ta slut<\/p>\n\n\n\n<p>Blanka papper i \u00f6gat en t\u00e5r<br>Undrar vad hon gjorde ig\u00e5r<\/p>\n\n\n\n<p>Ibland t\u00e4nds i \u00f6gat ett litet hopp<br>Munnen ler, men i \u00f6gat stopp<\/p>\n\n\n\n<p>Ibland hon mig i \u00f6gat ser<br>N\u00e4stan som hon hoppas och ler<\/p>\n\n\n\n<p>Men hennes \u00e4mne \u00e4r inte mitt<br>Vill g\u00e4rna hj\u00e4lpa men alla har sitt<\/p>\n\n\n\n<p>S\u00e5 skrev hon en stund och hoppet t\u00e4ndes<br>Men suddgummit visar att n\u00e5got br\u00e4ndes<\/p>\n\n\n\n<p>Hon l\u00e4mnar nog in med tomma blad<br>Hon vet att jag vet att hon inte \u00e4r glad.<\/p>\n\n\n\n<p><\/p>\n","protected":false},"excerpt":{"rendered":"<p>4 grabbar p\u00e5 J\u00f6kenSl\u00e4tkammad, rakad, flurig och luva, Luvan k\u00e4mpar med snuvaDen rakade och sl\u00e4tkammadeKorrekta och strama Fluret bl\u00e4ddrar fram och tillbakaLuvan med snuvan har \u00f6gon s\u00e5 rakaUtanf\u00f6r f\u00f6nstret solen skinerI tentasalen tankens vind viner Ibland det brusar och allt&#8230;<\/p>\n","protected":false},"author":2,"featured_media":0,"parent":0,"menu_order":0,"comment_status":"closed","ping_status":"closed","template":"","meta":{"jetpack_post_was_ever_published":false,"footnotes":""},"class_list":["post-1927","page","type-page","status-publish","hentry","no-post-thumbnail"],"jetpack_sharing_enabled":true,"_links":{"self":[{"href":"https:\/\/skrivovin.se\/index.php\/wp-json\/wp\/v2\/pages\/1927","targetHints":{"allow":["GET"]}}],"collection":[{"href":"https:\/\/skrivovin.se\/index.php\/wp-json\/wp\/v2\/pages"}],"about":[{"href":"https:\/\/skrivovin.se\/index.php\/wp-json\/wp\/v2\/types\/page"}],"author":[{"embeddable":true,"href":"https:\/\/skrivovin.se\/index.php\/wp-json\/wp\/v2\/users\/2"}],"replies":[{"embeddable":true,"href":"https:\/\/skrivovin.se\/index.php\/wp-json\/wp\/v2\/comments?post=1927"}],"version-history":[{"count":23,"href":"https:\/\/skrivovin.se\/index.php\/wp-json\/wp\/v2\/pages\/1927\/revisions"}],"predecessor-version":[{"id":1952,"href":"https:\/\/skrivovin.se\/index.php\/wp-json\/wp\/v2\/pages\/1927\/revisions\/1952"}],"wp:attachment":[{"href":"https:\/\/skrivovin.se\/index.php\/wp-json\/wp\/v2\/media?parent=1927"}],"curies":[{"name":"wp","href":"https:\/\/api.w.org\/{rel}","templated":true}]}}