{"id":178,"date":"2018-01-17T17:47:53","date_gmt":"2018-01-17T16:47:53","guid":{"rendered":"http:\/\/skrivovin.kurzawa.se\/?page_id=178"},"modified":"2018-01-17T17:49:50","modified_gmt":"2018-01-17T16:49:50","slug":"178-2","status":"publish","type":"page","link":"https:\/\/skrivovin.se\/index.php\/178-2\/","title":{"rendered":"Ett smakprov ur &#8221;Guldfeber&#8221;:"},"content":{"rendered":"<p>Efter alla lyckade bankr\u00e5n f\u00f6r n\u00e4rmare tv\u00e5 \u00e5r sedan hade Masolle legat l\u00e5gt med nya r\u00e5n. Trots att han hade haft stora utgifter f\u00f6r att genomf\u00f6ra dem s\u00e5 hade han \u00e4nd\u00e5 n\u00e4rmare sex miljoner kvar f\u00f6r egen del. Det innebar att han hade bott utomlands under l\u00e5nga perioder och hans favoritst\u00e4lle var Phuket i Thailand, d\u00e4r han uppskattade b\u00e5de klimatet och livsstilen. Dessutom var det billigt att bo och leva d\u00e4r.<\/p>\n<p>N\u00e4r han i november \u00e5ret innan hade \u00e5kt till Arlanda f\u00f6r att sedan flyga till Thailand, p\u00e5 minst en tv\u00e5m\u00e5nadersvistelse, hade han vid Centralen sett Nisse och Pekka. Tv\u00e5 personer som han n\u00e4stan hade gl\u00f6mt bort. N\u00e4r han hade sett dem var han tvungen att erk\u00e4nna f\u00f6r sig sj\u00e4lv, att de rekplaner som han hade k\u00f6pt av dem hade varit perfekta. Platser, s\u00e4kerhetsutrustning, flyktv\u00e4gar, polisn\u00e4rvaro och annat som han hade beh\u00f6vt f\u00f6r att g\u00f6ra r\u00e5nen var perfekt beskrivna. Nu hade de suttit p\u00e5 en b\u00e4nk p\u00e5 ett caf\u00e9 inne p\u00e5 Centralen och sett allt annat \u00e4n sk\u00e4rpta ut. L\u00e5ngh\u00e5riga, sk\u00e4ggiga och med slitna kl\u00e4der. Trots att det bar honom emot hade han g\u00e5tt fram till dem och satt sig p\u00e5 en stol vid deras bord:<br \/>\n\u2013 Tjena gubbar, hur st\u00e5r det till med er?<br \/>\n\u2013 Vafan, Olle fr\u00e5n Borl\u00e4nge, kul att se dig, sa Pekka och klappade Masolle p\u00e5 axeln.<br \/>\n\u2013 Ska ru ut och resa, fr\u00e5gade Nisse, som ocks\u00e5 s\u00e5g glad ut \u00f6ver att se Masolle.<br \/>\n\u2013 Ja, jag t\u00e4nkte \u00e5ka till v\u00e4rmen n\u00e5gra veckor. Snart vinter h\u00e4r nu s\u00e5 det \u00e4r b\u00e4st att v\u00e4rma upp sig lite.<br \/>\nHan skrattade n\u00e4r han sa det och t\u00e4nkte inte alls ber\u00e4tta f\u00f6r de h\u00e4r tv\u00e5 vart han skulle \u00e5ka:<br \/>\n\u2013 Du \u00e4r dig precis lik. Har du legat l\u00e5gt p\u00e5 sista tiden, sa Pekka och tittade beundrande p\u00e5 Masolle.<br \/>\n\u2013 Ligger alltid l\u00e5gt. Hur \u00e4r det med er sj\u00e4lva, fr\u00e5gade han och tittade p\u00e5 Nisse<br \/>\n\u2013 Skit, vi har inte haft n\u00e5gra riktiga jobb p\u00e5 l\u00e4nge. Verkar som vi blivit utfrusna av alla som vi jobbade \u00e5t f\u00f6rut.<br \/>\n\u2013 Skulle tro det, sa Masolle.<br \/>\n\u2013 Fatta inte varf\u00f6r?<br \/>\n\u2013 Det \u00e4r nog det som \u00e4r problemet med er gubbar. Ni fattar inte n\u00e4r ni g\u00f6r bort er. Men jag \u00e4r j\u00e4vligt n\u00f6jd med det jag k\u00f6pte men jag skulle aldrig handla av er igen. N\u00e4, nu m\u00e5ste jag dra. Flygbussen g\u00e5r snart. Ha de bra.<\/p>\n<p>N\u00e4r Masolle hade rest sig och g\u00e5tt \u00f6ver Vasagatan bort mot bussh\u00e5llplatsen hade han t\u00e4nkt att det nog var sista g\u00e5ngen som han s\u00e5g Nisse och Pekka och han skulle nog inte sakna dem heller.<\/p>\n<p>Dagarna i Phuket s\u00e5g ganska lika ut f\u00f6r Masolle. Han hade skaffat sig m\u00e5nga v\u00e4nner och k\u00e4nde sig aldrig ensam. Han hyrde en svit p\u00e5 ett lyxhotell vid Patong Beach f\u00f6r bara n\u00e5gra tior per dygn.<br \/>\nMasolle var s\u00e4llan uppe f\u00f6re klockan tolv och gick d\u00e5 oftast ner till n\u00e5gon av hotellets restauranger f\u00f6r att \u00e4ta en sen frukost som oftast bestod av kaffe eller the och n\u00e5gon form av sandwich. D\u00e4refter brukade det bli en tur till stranden d\u00e4r han kunde sola och bada n\u00e5gra timmar och prata med en del av alla sina bekanta. P\u00e5 eftermiddagarna bes\u00f6kte han hotellets gym eftersom han var noga med att h\u00e5lla sig i form. En god middag och fest p\u00e5 n\u00e5gon nattklubb brukade ofta avsluta dagarna.<\/p>\n","protected":false},"excerpt":{"rendered":"<p>Efter alla lyckade bankr\u00e5n f\u00f6r n\u00e4rmare tv\u00e5 \u00e5r sedan hade Masolle legat l\u00e5gt med nya r\u00e5n. Trots att han hade haft stora utgifter f\u00f6r att genomf\u00f6ra dem s\u00e5 hade han \u00e4nd\u00e5 n\u00e4rmare sex miljoner kvar f\u00f6r egen del. Det innebar&#8230;<\/p>\n","protected":false},"author":2,"featured_media":0,"parent":0,"menu_order":0,"comment_status":"closed","ping_status":"closed","template":"","meta":{"jetpack_post_was_ever_published":false,"footnotes":""},"class_list":["post-178","page","type-page","status-publish","hentry","no-post-thumbnail"],"jetpack_sharing_enabled":true,"_links":{"self":[{"href":"https:\/\/skrivovin.se\/index.php\/wp-json\/wp\/v2\/pages\/178","targetHints":{"allow":["GET"]}}],"collection":[{"href":"https:\/\/skrivovin.se\/index.php\/wp-json\/wp\/v2\/pages"}],"about":[{"href":"https:\/\/skrivovin.se\/index.php\/wp-json\/wp\/v2\/types\/page"}],"author":[{"embeddable":true,"href":"https:\/\/skrivovin.se\/index.php\/wp-json\/wp\/v2\/users\/2"}],"replies":[{"embeddable":true,"href":"https:\/\/skrivovin.se\/index.php\/wp-json\/wp\/v2\/comments?post=178"}],"version-history":[{"count":3,"href":"https:\/\/skrivovin.se\/index.php\/wp-json\/wp\/v2\/pages\/178\/revisions"}],"predecessor-version":[{"id":181,"href":"https:\/\/skrivovin.se\/index.php\/wp-json\/wp\/v2\/pages\/178\/revisions\/181"}],"wp:attachment":[{"href":"https:\/\/skrivovin.se\/index.php\/wp-json\/wp\/v2\/media?parent=178"}],"curies":[{"name":"wp","href":"https:\/\/api.w.org\/{rel}","templated":true}]}}