{"id":1529,"date":"2019-05-23T18:08:54","date_gmt":"2019-05-23T16:08:54","guid":{"rendered":"https:\/\/skrivovin.se\/?page_id=1529"},"modified":"2019-08-14T12:09:00","modified_gmt":"2019-08-14T10:09:00","slug":"dagsverser-2014","status":"publish","type":"page","link":"https:\/\/skrivovin.se\/index.php\/dagsverser-2014\/","title":{"rendered":"Dagsverser 2014"},"content":{"rendered":"\n<p><br><strong>2014-12 &#8211; Min sammanfattning av 2014 och en \u00f6nskan inf\u00f6r framtiden.<\/strong><br>Superval\u00e5ret, vad var det som h\u00e4nde<br>Det goda i landet fick pl\u00f6tsligt en \u00e4nde&nbsp;<br>Ideologier f\u00f6rsvann&nbsp;<br>och ingen vann<br>Nu v\u00e4ntar st\u00f6veltramp och marsch<br>Frisyr med bena och kort svart mustasch.<\/p>\n\n\n\n<p>Framf\u00f6r varje butik, en hand och en mugg<br>Inget vi ser, \u201dbara handla helgens tilltugg\u201d<br>Och l\u00e4gger n\u00e5gon en slant, en annan tar ton<br>\u201dDe \u00e4r kriminella, de saknar hyfs och fason\u201d<br>Tolv i en husvagn, klart de planerar n\u00e5got stort<br>Medan handlarn i butiken, \u00f6verbliven mat sl\u00e4nger bort<\/p>\n\n\n\n<p>M\u00e4nskliga r\u00e4ttigheter \u00e4r p\u00e5 modet<br>Inom idrotten lovar man att h\u00e5lla det ordet<br>Fotboll i Brasilien det tar man f\u00f6r givet<br>Och OS i Ryssland i historien blir skrivet<br>Fina t\u00e4vlingar och svenska guld<br>D\u00e5 gl\u00f6ms de g\u00f6mda, vi har ju ingen skuld.<\/p>\n\n\n\n<p>F\u00f6r Malala, mitt hj\u00e4rta bl\u00f6der<br>T\u00e4nk om vi kunde byta henne mot S\u00f6der<br>F\u00f6r hennes mod och visdom hon nyligen prisats&nbsp;<br>Men skulle om S\u00f6der best\u00e4mt, ha avvisats.&nbsp;<br>Med detta jag \u00f6nskar dig ett Gott Nytt \u00c5r<br>och hoppas du r\u00f6star i Malalas anda, n\u00e4r du till valurnan g\u00e5r.<\/p>\n\n\n\n<p><br><strong>2014-12<\/strong> <strong>&#8211; Regeringskris och jul<\/strong><br>Regeringskris och prinsessa p\u00e5 sm\u00e4llen<br>\u00c4r n\u00e5got f\u00f6r media, du j\u00e4ttedamen Ellen<br>Du borde \u00e4gna dig mera \u00e5t jul<br>F\u00f6r helgens anslag \u00e4r inte kul<br>Landet har blivit brunt och gr\u00e5tt<br>Och alla utom sd en k\u00e4ftsm\u00e4ll f\u00e5tt<\/p>\n\n\n\n<p><br><strong>2014-09<\/strong> <strong>&#8211; Nuon och Maud<\/strong><br>\u00c5ter s\u00e5 \u00f6verg\u00e5r vissa politiker mitt f\u00f6rnuft.<br>Behandlar fr\u00e5gor som om de vore luft.<br>NUON \u2013 osannolik som Harrisburg<br> Intr\u00e4ffade nog inte \u2013 allt var en humbug <br>Men Maud bel\u00f6nas, som tigit har<br>KU hanteringen finns ju delvis kvar<br>Och Annie hon st\u00f6ttar och gillar <br>att Maud inget s\u00e4ger om regeringens killar <br>Vi v\u00e4ntar med sp\u00e4nning p\u00e5 n\u00e4sta steg <br>N\u00e4r Maud nu hos LKAB g\u00e5r till sitt kneg<br>Kan hennes tystnad f\u00f6r\u00e4dla malmen till guld<br>Nu med centermamman vid rodret s\u00e5 huld <br><strong><br>2014-05<\/strong> <strong>&#8211; EU-val<\/strong><br>&#8221;R\u00f6da och bl\u00e5 v\u00e4nner<br>Och andra jag k\u00e4nner<br>N\u00e4r du vid r\u00f6sturnan st\u00e5<br>T\u00e4nk l\u00e4ngre \u00e4n gul och bl\u00e5<br>L\u00e5t det bruna stanna i sin dumhet<br>Och se allas v\u00e4rde efter godhet&#8221;<\/p>\n","protected":false},"excerpt":{"rendered":"<p>2014-12 &#8211; Min sammanfattning av 2014 och en \u00f6nskan inf\u00f6r framtiden.Superval\u00e5ret, vad var det som h\u00e4ndeDet goda i landet fick pl\u00f6tsligt en \u00e4nde&nbsp;Ideologier f\u00f6rsvann&nbsp;och ingen vannNu v\u00e4ntar st\u00f6veltramp och marschFrisyr med bena och kort svart mustasch. Framf\u00f6r varje butik, en&#8230;<\/p>\n","protected":false},"author":2,"featured_media":0,"parent":0,"menu_order":0,"comment_status":"closed","ping_status":"closed","template":"","meta":{"jetpack_post_was_ever_published":false,"footnotes":""},"class_list":["post-1529","page","type-page","status-publish","hentry","no-post-thumbnail"],"jetpack_sharing_enabled":true,"_links":{"self":[{"href":"https:\/\/skrivovin.se\/index.php\/wp-json\/wp\/v2\/pages\/1529","targetHints":{"allow":["GET"]}}],"collection":[{"href":"https:\/\/skrivovin.se\/index.php\/wp-json\/wp\/v2\/pages"}],"about":[{"href":"https:\/\/skrivovin.se\/index.php\/wp-json\/wp\/v2\/types\/page"}],"author":[{"embeddable":true,"href":"https:\/\/skrivovin.se\/index.php\/wp-json\/wp\/v2\/users\/2"}],"replies":[{"embeddable":true,"href":"https:\/\/skrivovin.se\/index.php\/wp-json\/wp\/v2\/comments?post=1529"}],"version-history":[{"count":11,"href":"https:\/\/skrivovin.se\/index.php\/wp-json\/wp\/v2\/pages\/1529\/revisions"}],"predecessor-version":[{"id":1920,"href":"https:\/\/skrivovin.se\/index.php\/wp-json\/wp\/v2\/pages\/1529\/revisions\/1920"}],"wp:attachment":[{"href":"https:\/\/skrivovin.se\/index.php\/wp-json\/wp\/v2\/media?parent=1529"}],"curies":[{"name":"wp","href":"https:\/\/api.w.org\/{rel}","templated":true}]}}