{"id":1371,"date":"2019-05-06T20:53:53","date_gmt":"2019-05-06T18:53:53","guid":{"rendered":"https:\/\/skrivovin.se\/?page_id=1371"},"modified":"2019-08-14T12:02:29","modified_gmt":"2019-08-14T10:02:29","slug":"dagsverser-2016","status":"publish","type":"page","link":"https:\/\/skrivovin.se\/index.php\/dagsverser-2016\/","title":{"rendered":"Dagsverser 2016"},"content":{"rendered":"\n<p><\/p>\n\n\n\n<p><strong>2016-12 &#8211;  Aleppos Barn <\/strong><br>Fr\u00e5n min ombonade plats p\u00e5 fj\u00e4llet<br>Jag l\u00e4ser, skriver och trivs p\u00e5 st\u00e4llet<br>Brasan knastrar och skapar helgmys <br>Och att g\u00e5 ut kr\u00e4ver ingen s\u00e4rskild riskanalys<\/p>\n\n\n\n<p>P\u00e5 andra delar av v\u00e5r jord<br>Sker saker som g\u00f6r, att jag saknar ord<br>Skrik har h\u00f6rts med ord \u201dvi har delat m\u00e5nga stunder,<br>men nu \u00e4r det slut, jag tror ej p\u00e5 under.\u201d&nbsp; <br><br>Jag har l\u00e4st om den m\u00e4nskliga h\u00e4rdsm\u00e4lta<br>Den klapp Assad och Putin sig i lust kan v\u00e4ltra<br>Jag har l\u00e4st kloka m\u00e4ns inl\u00e4gg i ett fb-tr\u00e4d<br>\u201dhj\u00e4lp en tiggare och du \u00e4r patetisk i din godhetsr\u00e4d\u201d<\/p>\n\n\n\n<p>men i v\u00e5rt andrum kan vi sitta nu<br>och hitta enkla l\u00f6sningar, \u201dsl\u00e4ng ut dom du\u201d&nbsp;&nbsp; <br>men inte hj\u00e4lper det Aleppos barn just nu <br>f\u00f6r dom har samlats hos Astrid, i Nangijala ju.<br><br><\/p>\n\n\n\n<p><strong>2016-10<\/strong> <strong>&#8211; Hat och demokrati<\/strong><br> Snabb koll i m\u00e5ngen fb-grupp <br> S\u00e5g som vanligt en och annan mupp<br>De som vet allt och alltid allra b\u00e4st <br>Ja kommentarerna kom fr\u00e5n idioter mest, <br><br>H\u00e4r hemma bland fj\u00e4llen vi har en annan storm<br>Politiker som slingrar och har en egen norm<br>Ska vi verkligen ha medborgardemokrati<br>N\u00e4r vi faktiskt inte har den ti\u00b4<br>Som kr\u00e4vs f\u00f6r ett r\u00e4tt beslut<br>Vi som vill fatta, ja ett resolut beslut<\/p>\n\n\n\n<p>Men det \u00e4r ju bara fr\u00e5n mig en stilla undran<br>F\u00f6r m\u00e5nga som sliter \u00e4r jag stum av beundran<br>Inte minst helgens vinm\u00e4ssa m\u00e5nga slitit p\u00e5 sistone<br>Ikv\u00e4ll g\u00f6r jag en insats, tillsammans med&nbsp; Amarone&nbsp; <br><br><\/p>\n\n\n\n<p><strong>2016-07 &#8211; J\u00e4mten<\/strong><br>En liten sommarfundering om j\u00e4mten&#8230;.<br>Hemv\u00e4ndardagar, fl\u00f6tgr\u00f6t och kams <br>Gubbar \u201dt\u00e4las vid&#8221; och drar en rams<br>Kaffekok \u00f6ver \u00f6ppen eld<br>Med kask\u00e4mnet tydligt framst\u00e4lld<br>Fiske och klapp efter mygg <br>Ja d\u00e5 k\u00e4nner sig j\u00e4mten trygg<br><\/p>\n\n\n\n<p><strong>2016-01<\/strong> <strong>&#8211; Kommunal, porr och ryggont<\/strong><br>P\u00e5 en lyxig kursg\u00e5rd d\u00e4r luften blivit torr<br>F\u00e5r man anst\u00e4llning om man har erfarenhet fr\u00e5n porr<br>En vecka som fyllts av skandaler<br>Kommunal har tjejer bara kl\u00e4dda i sandaler<\/p>\n\n\n\n<p>Och tempen p\u00e5 Fr\u00f6s\u00f6n ej tilltalat myggen<br>Sj\u00e4lv har jag kn\u00e5dats och f\u00e5tt ordning p\u00e5 ryggen<br>Naprapaten var v\u00e4lkl\u00e4dd och tryckte p\u00e5 sidan <br>S\u00e5 nu hoppas jag p\u00e5 fart p\u00e5 skidan<br>Hoppas ni en fin vinterhelg f\u00e5r<br>Till dess jag s\u00e4ger sk\u00e5l och gut\u00e5r.<\/p>\n","protected":false},"excerpt":{"rendered":"<p>2016-12 &#8211; Aleppos Barn Fr\u00e5n min ombonade plats p\u00e5 fj\u00e4lletJag l\u00e4ser, skriver och trivs p\u00e5 st\u00e4lletBrasan knastrar och skapar helgmys Och att g\u00e5 ut kr\u00e4ver ingen s\u00e4rskild riskanalys P\u00e5 andra delar av v\u00e5r jordSker saker som g\u00f6r, att jag saknar&#8230;<\/p>\n","protected":false},"author":2,"featured_media":0,"parent":0,"menu_order":0,"comment_status":"closed","ping_status":"closed","template":"","meta":{"jetpack_post_was_ever_published":false,"footnotes":""},"class_list":["post-1371","page","type-page","status-publish","hentry","no-post-thumbnail"],"jetpack_sharing_enabled":true,"_links":{"self":[{"href":"https:\/\/skrivovin.se\/index.php\/wp-json\/wp\/v2\/pages\/1371","targetHints":{"allow":["GET"]}}],"collection":[{"href":"https:\/\/skrivovin.se\/index.php\/wp-json\/wp\/v2\/pages"}],"about":[{"href":"https:\/\/skrivovin.se\/index.php\/wp-json\/wp\/v2\/types\/page"}],"author":[{"embeddable":true,"href":"https:\/\/skrivovin.se\/index.php\/wp-json\/wp\/v2\/users\/2"}],"replies":[{"embeddable":true,"href":"https:\/\/skrivovin.se\/index.php\/wp-json\/wp\/v2\/comments?post=1371"}],"version-history":[{"count":13,"href":"https:\/\/skrivovin.se\/index.php\/wp-json\/wp\/v2\/pages\/1371\/revisions"}],"predecessor-version":[{"id":1913,"href":"https:\/\/skrivovin.se\/index.php\/wp-json\/wp\/v2\/pages\/1371\/revisions\/1913"}],"wp:attachment":[{"href":"https:\/\/skrivovin.se\/index.php\/wp-json\/wp\/v2\/media?parent=1371"}],"curies":[{"name":"wp","href":"https:\/\/api.w.org\/{rel}","templated":true}]}}