{"id":111,"date":"2018-01-13T16:41:47","date_gmt":"2018-01-13T15:41:47","guid":{"rendered":"http:\/\/skrivovin.kurzawa.se\/?page_id=111"},"modified":"2018-02-06T13:59:01","modified_gmt":"2018-02-06T12:59:01","slug":"text-ur-inledningen-av-boken-nagon-maste-fa-veta","status":"publish","type":"page","link":"https:\/\/skrivovin.se\/index.php\/text-ur-inledningen-av-boken-nagon-maste-fa-veta\/","title":{"rendered":"Text ur inledningen av boken N\u00e5gon m\u00e5ste f\u00e5 veta"},"content":{"rendered":"<p><img loading=\"lazy\" decoding=\"async\" class=\"alignright size-full wp-image-85\" src=\"http:\/\/skrivovin.se\/wp-content\/uploads\/2018\/01\/omslag_nagon_maste_fa_veta.jpg\" alt=\"\" width=\"262\" height=\"400\" srcset=\"https:\/\/skrivovin.se\/wp-content\/uploads\/2018\/01\/omslag_nagon_maste_fa_veta.jpg 262w, https:\/\/skrivovin.se\/wp-content\/uploads\/2018\/01\/omslag_nagon_maste_fa_veta-197x300.jpg 197w\" sizes=\"auto, (max-width: 262px) 100vw, 262px\" \/>Under helgen funderade jag mycket p\u00e5 Stina och vad hon ville prata om. Det var l\u00e4nge sedan jag tr\u00e4ffade henne men hon hade omedelbart k\u00e4nt igen mig och hon hade n\u00e4stan haft n\u00e5got desperat i \u00f6gonen.<\/p>\n<p>Jag hade lekt med alla hennes barn. Bertil var \u00e4ldst, fem \u00e5r \u00e4ldre \u00e4n jag och hade blivit lite av en idol f\u00f6r mig. Ljust h\u00e5r, bl\u00e5 \u00f6gon och bred \u00f6ver axlarna. Han s\u00e5g v\u00e4ltr\u00e4nad ut men jag tror inte att han tr\u00e4nade speciellt mycket. Jag minns ocks\u00e5 att han var popul\u00e4r bland tjejer och det imponerade p\u00e5 mig. Trots att han vanligtvis var tystl\u00e5ten, gav n\u00e4stan ett blygt intryck, s\u00e5 pratade han l\u00e4ttsamt med de tjejer som han tr\u00e4ffade. Strax efter sin arton\u00e5rsdag hade han k\u00f6pt sin f\u00f6rsta bil, en gammal, rostig och sliten Volvo Amazon.<\/p>\n<p>Sven, som var Bertils tv\u00e5 \u00e5r yngre bror var duktig att reparera allt fr\u00e5n cyklar och mopeder till bilar, jobbade n\u00e4stan dygnet runt f\u00f6r att f\u00e5 Bertils bil i k\u00f6rbart skick. Han f\u00f6rvandlade bilen fr\u00e5n att ha ett hackande motorljud till ett j\u00e4mt och mjukt spinnande. St\u00f6td\u00e4mpare, s\u00e4ten och sk\u00e4rmar byttes och putsades. Det verkade som Sven nj\u00f6t n\u00e4r han l\u00e5g under bilen eller stod med huvudet l\u00e5ngt nedborrat i motorutrymmet. Bertil nj\u00f6t nog lika mycket, men han v\u00e4ntade nog mera p\u00e5 att kunna glida runt i samh\u00e4llet och visa sin bl\u00e4nkande p\u00e4rla.<\/p>\n<p>Sven var l\u00e4ngre \u00e4n Bertil och gav ett smidigt intryck. Vigheten hade han s\u00e4kert allt krypande under alla gamla bilar att tacka f\u00f6r. Han hade nog ocks\u00e5 haft en hemlig dr\u00f6m om att ha mustasch, f\u00f6r \u00e4nda sedan de f\u00f6rsta sk\u00e4ggstr\u00e5na hade vuxit fram s\u00e5 hade han varit mycket sparsam med att raka bort det som v\u00e4xte under n\u00e4san. Stina, den mycket gamla damen, m\u00f6ter p\u00e5 ett varuhus f\u00f6re detta grannpojken Olle. De b\u00f6rjar prata och hon vill att han ska komma hem till henne. Hon b\u00e4r p\u00e5 en ber\u00e4ttelse och s\u00e4ger att n\u00e5gon m\u00e5ste f\u00e5 veta.<\/p>\n<p><a href=\"\/wp-content\/uploads\/2018\/01\/Nagon_maste_fa_veta_provlas.pdf\" target=\"_blank\" rel=\"noopener\">L\u00e4s mer i boken h\u00e4r&#8230;<\/a><\/p>\n","protected":false},"excerpt":{"rendered":"<p>Under helgen funderade jag mycket p\u00e5 Stina och vad hon ville prata om. Det var l\u00e4nge sedan jag tr\u00e4ffade henne men hon hade omedelbart k\u00e4nt igen mig och hon hade n\u00e4stan haft n\u00e5got desperat i \u00f6gonen. Jag hade lekt med&#8230;<\/p>\n","protected":false},"author":1,"featured_media":0,"parent":0,"menu_order":0,"comment_status":"closed","ping_status":"closed","template":"","meta":{"jetpack_post_was_ever_published":false,"footnotes":""},"class_list":["post-111","page","type-page","status-publish","hentry","no-post-thumbnail"],"jetpack_sharing_enabled":true,"_links":{"self":[{"href":"https:\/\/skrivovin.se\/index.php\/wp-json\/wp\/v2\/pages\/111","targetHints":{"allow":["GET"]}}],"collection":[{"href":"https:\/\/skrivovin.se\/index.php\/wp-json\/wp\/v2\/pages"}],"about":[{"href":"https:\/\/skrivovin.se\/index.php\/wp-json\/wp\/v2\/types\/page"}],"author":[{"embeddable":true,"href":"https:\/\/skrivovin.se\/index.php\/wp-json\/wp\/v2\/users\/1"}],"replies":[{"embeddable":true,"href":"https:\/\/skrivovin.se\/index.php\/wp-json\/wp\/v2\/comments?post=111"}],"version-history":[{"count":3,"href":"https:\/\/skrivovin.se\/index.php\/wp-json\/wp\/v2\/pages\/111\/revisions"}],"predecessor-version":[{"id":215,"href":"https:\/\/skrivovin.se\/index.php\/wp-json\/wp\/v2\/pages\/111\/revisions\/215"}],"wp:attachment":[{"href":"https:\/\/skrivovin.se\/index.php\/wp-json\/wp\/v2\/media?parent=111"}],"curies":[{"name":"wp","href":"https:\/\/api.w.org\/{rel}","templated":true}]}}